{"id":8153,"date":"2026-02-11T18:03:33","date_gmt":"2026-02-11T17:03:33","guid":{"rendered":"https:\/\/www.lesclayeres.fr.preprod.eliophot.dev\/?page_id=8153"},"modified":"2026-03-25T12:33:21","modified_gmt":"2026-03-25T11:33:21","slug":"the-beaches","status":"publish","type":"page","link":"https:\/\/www.lesclayeres.fr.preprod.eliophot.dev\/en\/tourism\/the-beaches\/","title":{"rendered":"The beaches"},"content":{"rendered":"<div data-elementor-type=\"wp-page\" data-elementor-id=\"8153\" class=\"elementor elementor-8153\" data-elementor-post-type=\"page\">\n\t\t\t\t\t\t<section class=\"elementor-section elementor-top-section elementor-element elementor-element-d6c7843 elementor-section-full_width elementor-section-height-min-height elementor-section-height-default elementor-section-items-middle\" data-id=\"d6c7843\" data-element_type=\"section\" data-settings=\"{&quot;background_background&quot;:&quot;classic&quot;}\">\n\t\t\t\t\t\t\t<div class=\"elementor-background-overlay\"><\/div>\n\t\t\t\t\t\t\t<div class=\"elementor-container elementor-column-gap-default\">\n\t\t\t\t\t<div class=\"elementor-column elementor-col-100 elementor-top-column elementor-element elementor-element-88bef6c\" data-id=\"88bef6c\" data-element_type=\"column\">\n\t\t\t<div class=\"elementor-widget-wrap elementor-element-populated\">\n\t\t\t\t\t\t<div class=\"elementor-element elementor-element-e4128ca elementor-widget elementor-widget-heading\" data-id=\"e4128ca\" data-element_type=\"widget\" data-widget_type=\"heading.default\">\n\t\t\t\t<div class=\"elementor-widget-container\">\n\t\t\t\t\t<h1 class=\"elementor-heading-title elementor-size-default\">The most beautiful beaches in the Vend\u00e9e<\/h1>\t\t\t\t<\/div>\n\t\t\t\t<\/div>\n\t\t\t\t\t<\/div>\n\t\t<\/div>\n\t\t\t\t\t<\/div>\n\t\t<\/section>\n\t\t\t\t<section class=\"elementor-section elementor-top-section elementor-element elementor-element-99f5059 elementor-section-boxed elementor-section-height-default elementor-section-height-default\" data-id=\"99f5059\" data-element_type=\"section\" data-settings=\"{&quot;background_background&quot;:&quot;classic&quot;}\">\n\t\t\t\t\t\t\t<div class=\"elementor-background-overlay\"><\/div>\n\t\t\t\t\t\t\t<div class=\"elementor-container elementor-column-gap-default\">\n\t\t\t\t\t<div class=\"elementor-column elementor-col-50 elementor-top-column elementor-element elementor-element-caa8998\" data-id=\"caa8998\" data-element_type=\"column\">\n\t\t\t<div class=\"elementor-widget-wrap elementor-element-populated\">\n\t\t\t\t\t\t<div class=\"elementor-element elementor-element-d9f3b11 elementor-widget elementor-widget-heading\" data-id=\"d9f3b11\" data-element_type=\"widget\" data-widget_type=\"heading.default\">\n\t\t\t\t<div class=\"elementor-widget-container\">\n\t\t\t\t\t<h2 class=\"elementor-heading-title elementor-size-default\">Beaches of the Vend\u00e9e, between unspoilt nature and infinite horizons<\/h2>\t\t\t\t<\/div>\n\t\t\t\t<\/div>\n\t\t\t\t<div class=\"elementor-element elementor-element-fb25cbd elementor-widget elementor-widget-text-editor\" data-id=\"fb25cbd\" data-element_type=\"widget\" data-widget_type=\"text-editor.default\">\n\t\t\t\t<div class=\"elementor-widget-container\">\n\t\t\t\t\t\t\t\t\t<p>Wild beaches ideal for recharging your batteries<\/p>\t\t\t\t\t\t\t\t<\/div>\n\t\t\t\t<\/div>\n\t\t\t\t<div class=\"elementor-element elementor-element-f0c852e elementor-widget elementor-widget-text-editor\" data-id=\"f0c852e\" data-element_type=\"widget\" data-widget_type=\"text-editor.default\">\n\t\t\t\t<div class=\"elementor-widget-container\">\n\t\t\t\t\t\t\t\t\t<p>Just a few minutes from the Domaine, the magnificent Plage du Veillon boasts an exceptional natural setting, between dunes, forest and the Payr\u00e9 estuary. Listed as one of the most beautiful beaches in the Vend\u00e9e, it offers an unspoilt environment ideal for swimming, surfing or a sunset stroll. Its wild atmosphere attracts lovers of wide open spaces and photography. Further north, the beaches of Les Sables-d'Olonne offer a livelier atmosphere, perfect for a mix of relaxation and water sports. Each beach reveals a different face of the Vend\u00e9e coastline, between tranquillity and seaside vitality.<\/p>\t\t\t\t\t\t\t\t<\/div>\n\t\t\t\t<\/div>\n\t\t\t\t\t<\/div>\n\t\t<\/div>\n\t\t\t\t<div class=\"elementor-column elementor-col-50 elementor-top-column elementor-element elementor-element-0e33b50\" data-id=\"0e33b50\" data-element_type=\"column\">\n\t\t\t<div class=\"elementor-widget-wrap elementor-element-populated\">\n\t\t\t\t\t\t<div class=\"elementor-element elementor-element-eb64b02 elementor-widget elementor-widget-image\" data-id=\"eb64b02\" data-element_type=\"widget\" data-widget_type=\"image.default\">\n\t\t\t\t<div class=\"elementor-widget-container\">\n\t\t\t\t\t\t\t\t\t\t\t\t\t\t\t<img fetchpriority=\"high\" decoding=\"async\" width=\"1440\" height=\"2560\" src=\"https:\/\/www.lesclayeres.fr.preprod.eliophot.dev\/wp-content\/uploads\/2026\/02\/plage-du-veillon-scaled.jpg\" class=\"attachment-full size-full wp-image-8484\" alt=\"\" srcset=\"https:\/\/www.lesclayeres.fr.preprod.eliophot.dev\/wp-content\/uploads\/2026\/02\/plage-du-veillon-scaled.jpg 1440w, https:\/\/www.lesclayeres.fr.preprod.eliophot.dev\/wp-content\/uploads\/2026\/02\/plage-du-veillon-169x300.jpg 169w, https:\/\/www.lesclayeres.fr.preprod.eliophot.dev\/wp-content\/uploads\/2026\/02\/plage-du-veillon-576x1024.jpg 576w, https:\/\/www.lesclayeres.fr.preprod.eliophot.dev\/wp-content\/uploads\/2026\/02\/plage-du-veillon-768x1365.jpg 768w, https:\/\/www.lesclayeres.fr.preprod.eliophot.dev\/wp-content\/uploads\/2026\/02\/plage-du-veillon-864x1536.jpg 864w, https:\/\/www.lesclayeres.fr.preprod.eliophot.dev\/wp-content\/uploads\/2026\/02\/plage-du-veillon-1152x2048.jpg 1152w, https:\/\/www.lesclayeres.fr.preprod.eliophot.dev\/wp-content\/uploads\/2026\/02\/plage-du-veillon-7x12.jpg 7w\" sizes=\"(max-width: 1440px) 100vw, 1440px\" title=\"\">\t\t\t\t\t\t\t\t\t\t\t\t\t\t\t<\/div>\n\t\t\t\t<\/div>\n\t\t\t\t\t<\/div>\n\t\t<\/div>\n\t\t\t\t\t<\/div>\n\t\t<\/section>\n\t\t\t\t<section class=\"elementor-section elementor-top-section elementor-element elementor-element-a644436 elementor-section-full_width elementor-section-height-default elementor-section-height-default\" data-id=\"a644436\" data-element_type=\"section\">\n\t\t\t\t\t\t<div class=\"elementor-container elementor-column-gap-default\">\n\t\t\t\t\t<div class=\"elementor-column elementor-col-100 elementor-top-column elementor-element elementor-element-f3e776b\" data-id=\"f3e776b\" data-element_type=\"column\">\n\t\t\t<div class=\"elementor-widget-wrap elementor-element-populated\">\n\t\t\t\t\t\t<section class=\"elementor-section elementor-inner-section elementor-element elementor-element-c8d6fd3 elementor-section-full_width elementor-reverse-tablet elementor-reverse-mobile elementor-section-height-default elementor-section-height-default\" data-id=\"c8d6fd3\" data-element_type=\"section\">\n\t\t\t\t\t\t<div class=\"elementor-container elementor-column-gap-default\">\n\t\t\t\t\t<div class=\"elementor-column elementor-col-50 elementor-inner-column elementor-element elementor-element-fe80958\" data-id=\"fe80958\" data-element_type=\"column\">\n\t\t\t<div class=\"elementor-widget-wrap elementor-element-populated\">\n\t\t\t\t\t\t<div class=\"elementor-element elementor-element-cf0869f elementor-widget elementor-widget-image\" data-id=\"cf0869f\" data-element_type=\"widget\" data-widget_type=\"image.default\">\n\t\t\t\t<div class=\"elementor-widget-container\">\n\t\t\t\t\t\t\t\t\t\t\t\t\t\t\t<img decoding=\"async\" width=\"1389\" height=\"2159\" src=\"https:\/\/www.lesclayeres.fr.preprod.eliophot.dev\/wp-content\/uploads\/2026\/02\/char-a-voile-vendee.jpg\" class=\"attachment-full size-full wp-image-8485\" alt=\"\" srcset=\"https:\/\/www.lesclayeres.fr.preprod.eliophot.dev\/wp-content\/uploads\/2026\/02\/char-a-voile-vendee.jpg 1389w, https:\/\/www.lesclayeres.fr.preprod.eliophot.dev\/wp-content\/uploads\/2026\/02\/char-a-voile-vendee-193x300.jpg 193w, https:\/\/www.lesclayeres.fr.preprod.eliophot.dev\/wp-content\/uploads\/2026\/02\/char-a-voile-vendee-659x1024.jpg 659w, https:\/\/www.lesclayeres.fr.preprod.eliophot.dev\/wp-content\/uploads\/2026\/02\/char-a-voile-vendee-768x1194.jpg 768w, https:\/\/www.lesclayeres.fr.preprod.eliophot.dev\/wp-content\/uploads\/2026\/02\/char-a-voile-vendee-988x1536.jpg 988w, https:\/\/www.lesclayeres.fr.preprod.eliophot.dev\/wp-content\/uploads\/2026\/02\/char-a-voile-vendee-1318x2048.jpg 1318w, https:\/\/www.lesclayeres.fr.preprod.eliophot.dev\/wp-content\/uploads\/2026\/02\/char-a-voile-vendee-8x12.jpg 8w\" sizes=\"(max-width: 1389px) 100vw, 1389px\" title=\"\">\t\t\t\t\t\t\t\t\t\t\t\t\t\t\t<\/div>\n\t\t\t\t<\/div>\n\t\t\t\t\t<\/div>\n\t\t<\/div>\n\t\t\t\t<div class=\"elementor-column elementor-col-50 elementor-inner-column elementor-element elementor-element-dc3893d\" data-id=\"dc3893d\" data-element_type=\"column\">\n\t\t\t<div class=\"elementor-widget-wrap elementor-element-populated\">\n\t\t\t\t\t\t<div class=\"elementor-element elementor-element-b9e5ad5 elementor-widget elementor-widget-heading\" data-id=\"b9e5ad5\" data-element_type=\"widget\" data-widget_type=\"heading.default\">\n\t\t\t\t<div class=\"elementor-widget-container\">\n\t\t\t\t\t<h2 class=\"elementor-heading-title elementor-size-default\">Water sports and family activities all year round<\/h2>\t\t\t\t<\/div>\n\t\t\t\t<\/div>\n\t\t\t\t<div class=\"elementor-element elementor-element-923943e elementor-widget elementor-widget-text-editor\" data-id=\"923943e\" data-element_type=\"widget\" data-widget_type=\"text-editor.default\">\n\t\t\t\t<div class=\"elementor-widget-container\">\n\t\t\t\t\t\t\t\t\t<p>A dynamic coastline for young and old<\/p>\t\t\t\t\t\t\t\t<\/div>\n\t\t\t\t<\/div>\n\t\t\t\t<div class=\"elementor-element elementor-element-3255694 elementor-widget elementor-widget-text-editor\" data-id=\"3255694\" data-element_type=\"widget\" data-widget_type=\"text-editor.default\">\n\t\t\t\t<div class=\"elementor-widget-container\">\n\t\t\t\t\t\t\t\t\t<p>The beaches of the Vend\u00e9e are not just for swimming. Paddleboarding, sailing, surfing and sand yachting are just some of the activities on offer. Nearby La Tranche-sur-Mer, nicknamed \u201cLittle California\u201d, is renowned for its ideal surfing conditions. Families love the supervised areas in season and the vast stretches of sand where they can play. Out of season, the beaches become a privileged place to breathe the iodised air and admire the power of the Atlantic. Staying at Talmont-Saint-Hilaire means discovering a varied, authentic coastline that is accessible all year round.<\/p>\t\t\t\t\t\t\t\t<\/div>\n\t\t\t\t<\/div>\n\t\t\t\t\t<\/div>\n\t\t<\/div>\n\t\t\t\t\t<\/div>\n\t\t<\/section>\n\t\t\t\t\t<\/div>\n\t\t<\/div>\n\t\t\t\t\t<\/div>\n\t\t<\/section>\n\t\t\t\t<section class=\"elementor-section elementor-top-section elementor-element elementor-element-4d54fe9 elementor-section-full_width elementor-section-height-default elementor-section-height-default\" data-id=\"4d54fe9\" data-element_type=\"section\" data-settings=\"{&quot;background_background&quot;:&quot;classic&quot;}\">\n\t\t\t\t\t\t\t<div class=\"elementor-background-overlay\"><\/div>\n\t\t\t\t\t\t\t<div class=\"elementor-container elementor-column-gap-narrow\">\n\t\t\t\t\t<div class=\"elementor-column elementor-col-100 elementor-top-column elementor-element elementor-element-de54cb7\" data-id=\"de54cb7\" data-element_type=\"column\">\n\t\t\t<div class=\"elementor-widget-wrap elementor-element-populated\">\n\t\t\t\t\t\t<section class=\"elementor-section elementor-inner-section elementor-element elementor-element-69a549f elementor-section-full_width elementor-section-height-default elementor-section-height-default\" data-id=\"69a549f\" data-element_type=\"section\">\n\t\t\t\t\t\t<div class=\"elementor-container elementor-column-gap-default\">\n\t\t\t\t\t<div class=\"elementor-column elementor-col-33 elementor-inner-column elementor-element elementor-element-b8c9501\" data-id=\"b8c9501\" data-element_type=\"column\">\n\t\t\t<div class=\"elementor-widget-wrap elementor-element-populated\">\n\t\t\t\t\t\t<div class=\"elementor-element elementor-element-6577fb6 elementor-widget-divider--view-line elementor-widget elementor-widget-divider\" data-id=\"6577fb6\" data-element_type=\"widget\" data-widget_type=\"divider.default\">\n\t\t\t\t<div class=\"elementor-widget-container\">\n\t\t\t\t\t\t\t<div class=\"elementor-divider\">\n\t\t\t<span class=\"elementor-divider-separator\">\n\t\t\t\t\t\t<\/span>\n\t\t<\/div>\n\t\t\t\t\t\t<\/div>\n\t\t\t\t<\/div>\n\t\t\t\t\t<\/div>\n\t\t<\/div>\n\t\t\t\t<div class=\"elementor-column elementor-col-33 elementor-inner-column elementor-element elementor-element-0df615a\" data-id=\"0df615a\" data-element_type=\"column\">\n\t\t\t<div class=\"elementor-widget-wrap elementor-element-populated\">\n\t\t\t\t\t\t<div class=\"elementor-element elementor-element-142a60f elementor-widget elementor-widget-image\" data-id=\"142a60f\" data-element_type=\"widget\" data-widget_type=\"image.default\">\n\t\t\t\t<div class=\"elementor-widget-container\">\n\t\t\t\t\t\t\t\t\t\t\t\t\t\t\t<img decoding=\"async\" width=\"512\" height=\"512\" src=\"https:\/\/www.lesclayeres.fr.preprod.eliophot.dev\/wp-content\/uploads\/2026\/02\/cropped-2-scaled-1.png\" class=\"attachment-full size-full wp-image-8764\" alt=\"\" srcset=\"https:\/\/www.lesclayeres.fr.preprod.eliophot.dev\/wp-content\/uploads\/2026\/02\/cropped-2-scaled-1.png 512w, https:\/\/www.lesclayeres.fr.preprod.eliophot.dev\/wp-content\/uploads\/2026\/02\/cropped-2-scaled-1-300x300.png 300w, https:\/\/www.lesclayeres.fr.preprod.eliophot.dev\/wp-content\/uploads\/2026\/02\/cropped-2-scaled-1-150x150.png 150w, https:\/\/www.lesclayeres.fr.preprod.eliophot.dev\/wp-content\/uploads\/2026\/02\/cropped-2-scaled-1-12x12.png 12w, https:\/\/www.lesclayeres.fr.preprod.eliophot.dev\/wp-content\/uploads\/2026\/02\/cropped-2-scaled-1-270x270.png 270w, https:\/\/www.lesclayeres.fr.preprod.eliophot.dev\/wp-content\/uploads\/2026\/02\/cropped-2-scaled-1-192x192.png 192w, https:\/\/www.lesclayeres.fr.preprod.eliophot.dev\/wp-content\/uploads\/2026\/02\/cropped-2-scaled-1-180x180.png 180w, https:\/\/www.lesclayeres.fr.preprod.eliophot.dev\/wp-content\/uploads\/2026\/02\/cropped-2-scaled-1-32x32.png 32w\" sizes=\"(max-width: 512px) 100vw, 512px\" title=\"\">\t\t\t\t\t\t\t\t\t\t\t\t\t\t\t<\/div>\n\t\t\t\t<\/div>\n\t\t\t\t\t<\/div>\n\t\t<\/div>\n\t\t\t\t<div class=\"elementor-column elementor-col-33 elementor-inner-column elementor-element elementor-element-a067337\" data-id=\"a067337\" data-element_type=\"column\">\n\t\t\t<div class=\"elementor-widget-wrap elementor-element-populated\">\n\t\t\t\t\t\t<div class=\"elementor-element elementor-element-8f4a7e7 elementor-widget-divider--view-line elementor-widget elementor-widget-divider\" data-id=\"8f4a7e7\" data-element_type=\"widget\" data-widget_type=\"divider.default\">\n\t\t\t\t<div class=\"elementor-widget-container\">\n\t\t\t\t\t\t\t<div class=\"elementor-divider\">\n\t\t\t<span class=\"elementor-divider-separator\">\n\t\t\t\t\t\t<\/span>\n\t\t<\/div>\n\t\t\t\t\t\t<\/div>\n\t\t\t\t<\/div>\n\t\t\t\t\t<\/div>\n\t\t<\/div>\n\t\t\t\t\t<\/div>\n\t\t<\/section>\n\t\t\t\t<section class=\"elementor-section elementor-inner-section elementor-element elementor-element-575b2ba elementor-section-boxed elementor-section-height-default elementor-section-height-default\" data-id=\"575b2ba\" data-element_type=\"section\">\n\t\t\t\t\t\t<div class=\"elementor-container elementor-column-gap-default\">\n\t\t\t\t\t<div class=\"elementor-column elementor-col-33 elementor-inner-column elementor-element elementor-element-5713d81\" data-id=\"5713d81\" data-element_type=\"column\">\n\t\t\t<div class=\"elementor-widget-wrap elementor-element-populated\">\n\t\t\t\t\t\t<div class=\"elementor-element elementor-element-5ddba2b elementor-widget elementor-widget-image\" data-id=\"5ddba2b\" data-element_type=\"widget\" data-widget_type=\"image.default\">\n\t\t\t\t<div class=\"elementor-widget-container\">\n\t\t\t\t\t\t\t\t\t\t\t\t\t\t\t<img loading=\"lazy\" decoding=\"async\" width=\"2560\" height=\"2560\" src=\"https:\/\/www.lesclayeres.fr.preprod.eliophot.dev\/wp-content\/uploads\/2026\/02\/huitres-scaled.jpg\" class=\"attachment-full size-full wp-image-8075\" alt=\"\" srcset=\"https:\/\/www.lesclayeres.fr.preprod.eliophot.dev\/wp-content\/uploads\/2026\/02\/huitres-scaled.jpg 2560w, https:\/\/www.lesclayeres.fr.preprod.eliophot.dev\/wp-content\/uploads\/2026\/02\/huitres-300x300.jpg 300w, https:\/\/www.lesclayeres.fr.preprod.eliophot.dev\/wp-content\/uploads\/2026\/02\/huitres-1024x1024.jpg 1024w, https:\/\/www.lesclayeres.fr.preprod.eliophot.dev\/wp-content\/uploads\/2026\/02\/huitres-150x150.jpg 150w, https:\/\/www.lesclayeres.fr.preprod.eliophot.dev\/wp-content\/uploads\/2026\/02\/huitres-768x768.jpg 768w, https:\/\/www.lesclayeres.fr.preprod.eliophot.dev\/wp-content\/uploads\/2026\/02\/huitres-1536x1536.jpg 1536w, https:\/\/www.lesclayeres.fr.preprod.eliophot.dev\/wp-content\/uploads\/2026\/02\/huitres-2048x2048.jpg 2048w, https:\/\/www.lesclayeres.fr.preprod.eliophot.dev\/wp-content\/uploads\/2026\/02\/huitres-12x12.jpg 12w\" sizes=\"(max-width: 2560px) 100vw, 2560px\" title=\"\">\t\t\t\t\t\t\t\t\t\t\t\t\t\t\t<\/div>\n\t\t\t\t<\/div>\n\t\t\t\t<div class=\"elementor-element elementor-element-6c8c34c elementor-widget elementor-widget-heading\" data-id=\"6c8c34c\" data-element_type=\"widget\" data-widget_type=\"heading.default\">\n\t\t\t\t<div class=\"elementor-widget-container\">\n\t\t\t\t\t<h3 class=\"elementor-heading-title elementor-size-default\">The must-haves<\/h3>\t\t\t\t<\/div>\n\t\t\t\t<\/div>\n\t\t\t\t<div class=\"elementor-element elementor-element-d03aa0b elementor-align-center elementor-widget__width-inherit elementor-widget elementor-widget-button\" data-id=\"d03aa0b\" data-element_type=\"widget\" data-widget_type=\"button.default\">\n\t\t\t\t<div class=\"elementor-widget-container\">\n\t\t\t\t\t\t\t\t\t<div class=\"elementor-button-wrapper\">\n\t\t\t\t\t<a class=\"elementor-button elementor-button-link elementor-size-sm\" href=\"https:\/\/www.lesclayeres.fr.preprod.eliophot.dev\/en\/tourism\/what-to-do-in-talmont-saint-hilaire\/\">\n\t\t\t\t\t\t<span class=\"elementor-button-content-wrapper\">\n\t\t\t\t\t\t\t\t\t<span class=\"elementor-button-text\">Discover<\/span>\n\t\t\t\t\t<\/span>\n\t\t\t\t\t<\/a>\n\t\t\t\t<\/div>\n\t\t\t\t\t\t\t\t<\/div>\n\t\t\t\t<\/div>\n\t\t\t\t\t<\/div>\n\t\t<\/div>\n\t\t\t\t<div class=\"elementor-column elementor-col-33 elementor-inner-column elementor-element elementor-element-4895b0f\" data-id=\"4895b0f\" data-element_type=\"column\">\n\t\t\t<div class=\"elementor-widget-wrap elementor-element-populated\">\n\t\t\t\t\t\t<div class=\"elementor-element elementor-element-125e731 elementor-widget elementor-widget-image\" data-id=\"125e731\" data-element_type=\"widget\" data-widget_type=\"image.default\">\n\t\t\t\t<div class=\"elementor-widget-container\">\n\t\t\t\t\t\t\t\t\t\t\t\t\t\t\t<img loading=\"lazy\" decoding=\"async\" width=\"1707\" height=\"2560\" src=\"https:\/\/www.lesclayeres.fr.preprod.eliophot.dev\/wp-content\/uploads\/2026\/02\/balade-velo.jpg\" class=\"attachment-full size-full wp-image-8074\" alt=\"\" srcset=\"https:\/\/www.lesclayeres.fr.preprod.eliophot.dev\/wp-content\/uploads\/2026\/02\/balade-velo.jpg 1707w, https:\/\/www.lesclayeres.fr.preprod.eliophot.dev\/wp-content\/uploads\/2026\/02\/balade-velo-200x300.jpg 200w, https:\/\/www.lesclayeres.fr.preprod.eliophot.dev\/wp-content\/uploads\/2026\/02\/balade-velo-683x1024.jpg 683w, https:\/\/www.lesclayeres.fr.preprod.eliophot.dev\/wp-content\/uploads\/2026\/02\/balade-velo-768x1152.jpg 768w, https:\/\/www.lesclayeres.fr.preprod.eliophot.dev\/wp-content\/uploads\/2026\/02\/balade-velo-1024x1536.jpg 1024w, https:\/\/www.lesclayeres.fr.preprod.eliophot.dev\/wp-content\/uploads\/2026\/02\/balade-velo-1366x2048.jpg 1366w, https:\/\/www.lesclayeres.fr.preprod.eliophot.dev\/wp-content\/uploads\/2026\/02\/balade-velo-8x12.jpg 8w\" sizes=\"(max-width: 1707px) 100vw, 1707px\" title=\"\">\t\t\t\t\t\t\t\t\t\t\t\t\t\t\t<\/div>\n\t\t\t\t<\/div>\n\t\t\t\t<div class=\"elementor-element elementor-element-ff23c54 elementor-widget elementor-widget-heading\" data-id=\"ff23c54\" data-element_type=\"widget\" data-widget_type=\"heading.default\">\n\t\t\t\t<div class=\"elementor-widget-container\">\n\t\t\t\t\t<h3 class=\"elementor-heading-title elementor-size-default\">The walks<\/h3>\t\t\t\t<\/div>\n\t\t\t\t<\/div>\n\t\t\t\t<div class=\"elementor-element elementor-element-87e84c4 elementor-align-center elementor-widget__width-inherit elementor-widget elementor-widget-button\" data-id=\"87e84c4\" data-element_type=\"widget\" data-widget_type=\"button.default\">\n\t\t\t\t<div class=\"elementor-widget-container\">\n\t\t\t\t\t\t\t\t\t<div class=\"elementor-button-wrapper\">\n\t\t\t\t\t<a class=\"elementor-button elementor-button-link elementor-size-sm\" href=\"https:\/\/www.lesclayeres.fr.preprod.eliophot.dev\/en\/tourism\/walks\/\">\n\t\t\t\t\t\t<span class=\"elementor-button-content-wrapper\">\n\t\t\t\t\t\t\t\t\t<span class=\"elementor-button-text\">Discover<\/span>\n\t\t\t\t\t<\/span>\n\t\t\t\t\t<\/a>\n\t\t\t\t<\/div>\n\t\t\t\t\t\t\t\t<\/div>\n\t\t\t\t<\/div>\n\t\t\t\t\t<\/div>\n\t\t<\/div>\n\t\t\t\t<div class=\"elementor-column elementor-col-33 elementor-inner-column elementor-element elementor-element-05882db\" data-id=\"05882db\" data-element_type=\"column\">\n\t\t\t<div class=\"elementor-widget-wrap elementor-element-populated\">\n\t\t\t\t\t\t<div class=\"elementor-element elementor-element-ee5700d elementor-widget elementor-widget-image\" data-id=\"ee5700d\" data-element_type=\"widget\" data-widget_type=\"image.default\">\n\t\t\t\t<div class=\"elementor-widget-container\">\n\t\t\t\t\t\t\t\t\t\t\t\t\t\t\t<img loading=\"lazy\" decoding=\"async\" width=\"2560\" height=\"1440\" src=\"https:\/\/www.lesclayeres.fr.preprod.eliophot.dev\/wp-content\/uploads\/2026\/02\/autour-domaine-clayeres-scaled.jpg\" class=\"attachment-full size-full wp-image-8156\" alt=\"\" srcset=\"https:\/\/www.lesclayeres.fr.preprod.eliophot.dev\/wp-content\/uploads\/2026\/02\/autour-domaine-clayeres-scaled.jpg 2560w, https:\/\/www.lesclayeres.fr.preprod.eliophot.dev\/wp-content\/uploads\/2026\/02\/autour-domaine-clayeres-300x169.jpg 300w, https:\/\/www.lesclayeres.fr.preprod.eliophot.dev\/wp-content\/uploads\/2026\/02\/autour-domaine-clayeres-1024x576.jpg 1024w, https:\/\/www.lesclayeres.fr.preprod.eliophot.dev\/wp-content\/uploads\/2026\/02\/autour-domaine-clayeres-768x432.jpg 768w, https:\/\/www.lesclayeres.fr.preprod.eliophot.dev\/wp-content\/uploads\/2026\/02\/autour-domaine-clayeres-1536x864.jpg 1536w, https:\/\/www.lesclayeres.fr.preprod.eliophot.dev\/wp-content\/uploads\/2026\/02\/autour-domaine-clayeres-2048x1152.jpg 2048w, https:\/\/www.lesclayeres.fr.preprod.eliophot.dev\/wp-content\/uploads\/2026\/02\/autour-domaine-clayeres-18x10.jpg 18w\" sizes=\"(max-width: 2560px) 100vw, 2560px\" title=\"\">\t\t\t\t\t\t\t\t\t\t\t\t\t\t\t<\/div>\n\t\t\t\t<\/div>\n\t\t\t\t<div class=\"elementor-element elementor-element-03ecb3d elementor-widget elementor-widget-heading\" data-id=\"03ecb3d\" data-element_type=\"widget\" data-widget_type=\"heading.default\">\n\t\t\t\t<div class=\"elementor-widget-container\">\n\t\t\t\t\t<h3 class=\"elementor-heading-title elementor-size-default\">The surrounding area<\/h3>\t\t\t\t<\/div>\n\t\t\t\t<\/div>\n\t\t\t\t<div class=\"elementor-element elementor-element-8e54395 elementor-align-center elementor-widget__width-inherit elementor-widget elementor-widget-button\" data-id=\"8e54395\" data-element_type=\"widget\" data-widget_type=\"button.default\">\n\t\t\t\t<div class=\"elementor-widget-container\">\n\t\t\t\t\t\t\t\t\t<div class=\"elementor-button-wrapper\">\n\t\t\t\t\t<a class=\"elementor-button elementor-button-link elementor-size-sm\" href=\"https:\/\/www.lesclayeres.fr.preprod.eliophot.dev\/en\/tourism\/what-to-visit-in-vendee\/\">\n\t\t\t\t\t\t<span class=\"elementor-button-content-wrapper\">\n\t\t\t\t\t\t\t\t\t<span class=\"elementor-button-text\">Discover<\/span>\n\t\t\t\t\t<\/span>\n\t\t\t\t\t<\/a>\n\t\t\t\t<\/div>\n\t\t\t\t\t\t\t\t<\/div>\n\t\t\t\t<\/div>\n\t\t\t\t\t<\/div>\n\t\t<\/div>\n\t\t\t\t\t<\/div>\n\t\t<\/section>\n\t\t\t\t\t<\/div>\n\t\t<\/div>\n\t\t\t\t\t<\/div>\n\t\t<\/section>\n\t\t\t\t<\/div>","protected":false},"excerpt":{"rendered":"<p>Les plus belles plages de Vend\u00e9e Plages de Vend\u00e9e, entre nature pr\u00e9serv\u00e9e et horizons infinis Des plages sauvages id\u00e9ales pour se ressourcer \u00c0 quelques minutes du Domaine, la magnifique Plage du Veillon s\u00e9duit par son cadre naturel exceptionnel, entre dunes, for\u00eat et estuaire du Payr\u00e9. Class\u00e9e parmi les plus belles plages de Vend\u00e9e, elle offre [&hellip;]<\/p>","protected":false},"author":12,"featured_media":0,"parent":368,"menu_order":0,"comment_status":"closed","ping_status":"closed","template":"","meta":{"_acf_changed":false,"inline_featured_image":false,"footnotes":""},"class_list":["post-8153","page","type-page","status-publish","hentry"],"acf":[],"_links":{"self":[{"href":"https:\/\/www.lesclayeres.fr.preprod.eliophot.dev\/en\/wp-json\/wp\/v2\/pages\/8153","targetHints":{"allow":["GET"]}}],"collection":[{"href":"https:\/\/www.lesclayeres.fr.preprod.eliophot.dev\/en\/wp-json\/wp\/v2\/pages"}],"about":[{"href":"https:\/\/www.lesclayeres.fr.preprod.eliophot.dev\/en\/wp-json\/wp\/v2\/types\/page"}],"author":[{"embeddable":true,"href":"https:\/\/www.lesclayeres.fr.preprod.eliophot.dev\/en\/wp-json\/wp\/v2\/users\/12"}],"replies":[{"embeddable":true,"href":"https:\/\/www.lesclayeres.fr.preprod.eliophot.dev\/en\/wp-json\/wp\/v2\/comments?post=8153"}],"version-history":[{"count":24,"href":"https:\/\/www.lesclayeres.fr.preprod.eliophot.dev\/en\/wp-json\/wp\/v2\/pages\/8153\/revisions"}],"predecessor-version":[{"id":9105,"href":"https:\/\/www.lesclayeres.fr.preprod.eliophot.dev\/en\/wp-json\/wp\/v2\/pages\/8153\/revisions\/9105"}],"up":[{"embeddable":true,"href":"https:\/\/www.lesclayeres.fr.preprod.eliophot.dev\/en\/wp-json\/wp\/v2\/pages\/368"}],"wp:attachment":[{"href":"https:\/\/www.lesclayeres.fr.preprod.eliophot.dev\/en\/wp-json\/wp\/v2\/media?parent=8153"}],"curies":[{"name":"wp","href":"https:\/\/api.w.org\/{rel}","templated":true}]}}