{"id":8151,"date":"2026-02-11T19:22:26","date_gmt":"2026-02-11T18:22:26","guid":{"rendered":"https:\/\/www.lesclayeres.fr.preprod.eliophot.dev\/?page_id=8151"},"modified":"2026-03-25T15:46:13","modified_gmt":"2026-03-25T14:46:13","slug":"walks","status":"publish","type":"page","link":"https:\/\/www.lesclayeres.fr.preprod.eliophot.dev\/en\/tourism\/walks\/","title":{"rendered":"The walks"},"content":{"rendered":"<div data-elementor-type=\"wp-page\" data-elementor-id=\"8151\" class=\"elementor elementor-8151\" data-elementor-post-type=\"page\">\n\t\t\t\t\t\t<section class=\"elementor-section elementor-top-section elementor-element elementor-element-d6c7843 elementor-section-full_width elementor-section-height-min-height elementor-section-height-default elementor-section-items-middle\" data-id=\"d6c7843\" data-element_type=\"section\" data-settings=\"{&quot;background_background&quot;:&quot;classic&quot;}\">\n\t\t\t\t\t\t\t<div class=\"elementor-background-overlay\"><\/div>\n\t\t\t\t\t\t\t<div class=\"elementor-container elementor-column-gap-default\">\n\t\t\t\t\t<div class=\"elementor-column elementor-col-100 elementor-top-column elementor-element elementor-element-88bef6c\" data-id=\"88bef6c\" data-element_type=\"column\">\n\t\t\t<div class=\"elementor-widget-wrap elementor-element-populated\">\n\t\t\t\t\t\t<div class=\"elementor-element elementor-element-e4128ca elementor-widget elementor-widget-heading\" data-id=\"e4128ca\" data-element_type=\"widget\" data-widget_type=\"heading.default\">\n\t\t\t\t<div class=\"elementor-widget-container\">\n\t\t\t\t\t<h1 class=\"elementor-heading-title elementor-size-default\">Enjoy a wide range of walks in the Vend\u00e9e<\/h1>\t\t\t\t<\/div>\n\t\t\t\t<\/div>\n\t\t\t\t\t<\/div>\n\t\t<\/div>\n\t\t\t\t\t<\/div>\n\t\t<\/section>\n\t\t\t\t<section class=\"elementor-section elementor-top-section elementor-element elementor-element-99f5059 elementor-section-boxed elementor-section-height-default elementor-section-height-default\" data-id=\"99f5059\" data-element_type=\"section\" data-settings=\"{&quot;background_background&quot;:&quot;classic&quot;}\">\n\t\t\t\t\t\t\t<div class=\"elementor-background-overlay\"><\/div>\n\t\t\t\t\t\t\t<div class=\"elementor-container elementor-column-gap-default\">\n\t\t\t\t\t<div class=\"elementor-column elementor-col-50 elementor-top-column elementor-element elementor-element-caa8998\" data-id=\"caa8998\" data-element_type=\"column\">\n\t\t\t<div class=\"elementor-widget-wrap elementor-element-populated\">\n\t\t\t\t\t\t<div class=\"elementor-element elementor-element-d9f3b11 elementor-widget elementor-widget-heading\" data-id=\"d9f3b11\" data-element_type=\"widget\" data-widget_type=\"heading.default\">\n\t\t\t\t<div class=\"elementor-widget-container\">\n\t\t\t\t\t<h2 class=\"elementor-heading-title elementor-size-default\">A stroll through the Vend\u00e9e, between nature, the ocean and authentic landscapes<\/h2>\t\t\t\t<\/div>\n\t\t\t\t<\/div>\n\t\t\t\t<div class=\"elementor-element elementor-element-fb25cbd elementor-widget elementor-widget-text-editor\" data-id=\"fb25cbd\" data-element_type=\"widget\" data-widget_type=\"text-editor.default\">\n\t\t\t\t<div class=\"elementor-widget-container\">\n\t\t\t\t\t\t\t\t\t<p>Varied itineraries for all outdoor enthusiasts<\/p>\t\t\t\t\t\t\t\t<\/div>\n\t\t\t\t<\/div>\n\t\t\t\t<div class=\"elementor-element elementor-element-f0c852e elementor-widget elementor-widget-text-editor\" data-id=\"f0c852e\" data-element_type=\"widget\" data-widget_type=\"text-editor.default\">\n\t\t\t\t<div class=\"elementor-widget-container\">\n\t\t\t\t\t\t\t\t\t<p>The Vend\u00e9e is packed with walking and cycling routes to suit all abilities. Start with the coastal path along the Vend\u00e9e coast, which runs alongside cliffs, beaches and wild coves offering breathtaking views of the Atlantic Ocean. Further inland, the state-owned forests and green trails invite you to relax among the maritime pines, salt marshes and migratory birds. For a gentler stroll, take the paths along the Payr\u00e9 estuary, perfect at sunrise or sunset. These routes perfectly illustrate the spirit of a walk in the Vend\u00e9e, combining generous nature, sea air and sensory discoveries.<\/p>\t\t\t\t\t\t\t\t<\/div>\n\t\t\t\t<\/div>\n\t\t\t\t\t<\/div>\n\t\t<\/div>\n\t\t\t\t<div class=\"elementor-column elementor-col-50 elementor-top-column elementor-element elementor-element-0e33b50\" data-id=\"0e33b50\" data-element_type=\"column\">\n\t\t\t<div class=\"elementor-widget-wrap elementor-element-populated\">\n\t\t\t\t\t\t<div class=\"elementor-element elementor-element-eb64b02 elementor-widget elementor-widget-image\" data-id=\"eb64b02\" data-element_type=\"widget\" data-widget_type=\"image.default\">\n\t\t\t\t<div class=\"elementor-widget-container\">\n\t\t\t\t\t\t\t\t\t\t\t\t\t\t\t<img fetchpriority=\"high\" decoding=\"async\" width=\"1707\" height=\"2560\" src=\"https:\/\/www.lesclayeres.fr.preprod.eliophot.dev\/wp-content\/uploads\/2026\/03\/IMG_2265-scaled.jpg\" class=\"attachment-full size-full wp-image-9172\" alt=\"\" srcset=\"https:\/\/www.lesclayeres.fr.preprod.eliophot.dev\/wp-content\/uploads\/2026\/03\/IMG_2265-scaled.jpg 1707w, https:\/\/www.lesclayeres.fr.preprod.eliophot.dev\/wp-content\/uploads\/2026\/03\/IMG_2265-200x300.jpg 200w, https:\/\/www.lesclayeres.fr.preprod.eliophot.dev\/wp-content\/uploads\/2026\/03\/IMG_2265-683x1024.jpg 683w, https:\/\/www.lesclayeres.fr.preprod.eliophot.dev\/wp-content\/uploads\/2026\/03\/IMG_2265-768x1152.jpg 768w, https:\/\/www.lesclayeres.fr.preprod.eliophot.dev\/wp-content\/uploads\/2026\/03\/IMG_2265-1024x1536.jpg 1024w, https:\/\/www.lesclayeres.fr.preprod.eliophot.dev\/wp-content\/uploads\/2026\/03\/IMG_2265-1365x2048.jpg 1365w, https:\/\/www.lesclayeres.fr.preprod.eliophot.dev\/wp-content\/uploads\/2026\/03\/IMG_2265-8x12.jpg 8w\" sizes=\"(max-width: 1707px) 100vw, 1707px\" title=\"\">\t\t\t\t\t\t\t\t\t\t\t\t\t\t\t<\/div>\n\t\t\t\t<\/div>\n\t\t\t\t\t<\/div>\n\t\t<\/div>\n\t\t\t\t\t<\/div>\n\t\t<\/section>\n\t\t\t\t<section class=\"elementor-section elementor-top-section elementor-element elementor-element-a644436 elementor-section-full_width elementor-section-height-default elementor-section-height-default\" data-id=\"a644436\" data-element_type=\"section\">\n\t\t\t\t\t\t<div class=\"elementor-container elementor-column-gap-default\">\n\t\t\t\t\t<div class=\"elementor-column elementor-col-100 elementor-top-column elementor-element elementor-element-f3e776b\" data-id=\"f3e776b\" data-element_type=\"column\">\n\t\t\t<div class=\"elementor-widget-wrap elementor-element-populated\">\n\t\t\t\t\t\t<section class=\"elementor-section elementor-inner-section elementor-element elementor-element-c8d6fd3 elementor-section-full_width elementor-reverse-tablet elementor-reverse-mobile elementor-section-height-default elementor-section-height-default\" data-id=\"c8d6fd3\" data-element_type=\"section\">\n\t\t\t\t\t\t<div class=\"elementor-container elementor-column-gap-default\">\n\t\t\t\t\t<div class=\"elementor-column elementor-col-50 elementor-inner-column elementor-element elementor-element-fe80958\" data-id=\"fe80958\" data-element_type=\"column\">\n\t\t\t<div class=\"elementor-widget-wrap elementor-element-populated\">\n\t\t\t\t\t\t<div class=\"elementor-element elementor-element-cf0869f elementor-widget elementor-widget-image\" data-id=\"cf0869f\" data-element_type=\"widget\" data-widget_type=\"image.default\">\n\t\t\t\t<div class=\"elementor-widget-container\">\n\t\t\t\t\t\t\t\t\t\t\t\t\t\t\t<img decoding=\"async\" width=\"1920\" height=\"2560\" src=\"https:\/\/www.lesclayeres.fr.preprod.eliophot.dev\/wp-content\/uploads\/2026\/03\/IMG_0630-scaled.jpg\" class=\"attachment-full size-full wp-image-9067\" alt=\"\" srcset=\"https:\/\/www.lesclayeres.fr.preprod.eliophot.dev\/wp-content\/uploads\/2026\/03\/IMG_0630-scaled.jpg 1920w, https:\/\/www.lesclayeres.fr.preprod.eliophot.dev\/wp-content\/uploads\/2026\/03\/IMG_0630-225x300.jpg 225w, https:\/\/www.lesclayeres.fr.preprod.eliophot.dev\/wp-content\/uploads\/2026\/03\/IMG_0630-768x1024.jpg 768w, https:\/\/www.lesclayeres.fr.preprod.eliophot.dev\/wp-content\/uploads\/2026\/03\/IMG_0630-1152x1536.jpg 1152w, https:\/\/www.lesclayeres.fr.preprod.eliophot.dev\/wp-content\/uploads\/2026\/03\/IMG_0630-1536x2048.jpg 1536w, https:\/\/www.lesclayeres.fr.preprod.eliophot.dev\/wp-content\/uploads\/2026\/03\/IMG_0630-9x12.jpg 9w\" sizes=\"(max-width: 1920px) 100vw, 1920px\" title=\"\">\t\t\t\t\t\t\t\t\t\t\t\t\t\t\t<\/div>\n\t\t\t\t<\/div>\n\t\t\t\t\t<\/div>\n\t\t<\/div>\n\t\t\t\t<div class=\"elementor-column elementor-col-50 elementor-inner-column elementor-element elementor-element-dc3893d\" data-id=\"dc3893d\" data-element_type=\"column\">\n\t\t\t<div class=\"elementor-widget-wrap elementor-element-populated\">\n\t\t\t\t\t\t<div class=\"elementor-element elementor-element-b9e5ad5 elementor-widget elementor-widget-heading\" data-id=\"b9e5ad5\" data-element_type=\"widget\" data-widget_type=\"heading.default\">\n\t\t\t\t<div class=\"elementor-widget-container\">\n\t\t\t\t\t<h2 class=\"elementor-heading-title elementor-size-default\">Immerse yourself in the natural treasures of the Atlantic coast<\/h2>\t\t\t\t<\/div>\n\t\t\t\t<\/div>\n\t\t\t\t<div class=\"elementor-element elementor-element-923943e elementor-widget elementor-widget-text-editor\" data-id=\"923943e\" data-element_type=\"widget\" data-widget_type=\"text-editor.default\">\n\t\t\t\t<div class=\"elementor-widget-container\">\n\t\t\t\t\t\t\t\t\t<p>Unforgettable nature experiences every step of the way<\/p>\t\t\t\t\t\t\t\t<\/div>\n\t\t\t\t<\/div>\n\t\t\t\t<div class=\"elementor-element elementor-element-3255694 elementor-widget elementor-widget-text-editor\" data-id=\"3255694\" data-element_type=\"widget\" data-widget_type=\"text-editor.default\">\n\t\t\t\t<div class=\"elementor-widget-container\">\n\t\t\t\t\t\t\t\t\t<p>Near Talmont-Saint-Hilaire, the options for walking in the Vend\u00e9e are many and varied. Hike through the Coubre forest or along the many signposted trails in the Talmont area, where you'll come across wild dunes, views of the estuary and protected wetlands. By bike, the Greenways of the Vend\u00e9e link picturesque villages and seaside panoramas, offering an ideal getaway for everyone. Birdwatchers will also find something to suit them, particularly around the salt marshes and Natura 2000 listed natural areas. Each walk reveals a different aspect of the rich natural heritage of the Vend\u00e9e, with its blend of tranquillity, diversity of environments and outdoor well-being.<\/p>\t\t\t\t\t\t\t\t<\/div>\n\t\t\t\t<\/div>\n\t\t\t\t\t<\/div>\n\t\t<\/div>\n\t\t\t\t\t<\/div>\n\t\t<\/section>\n\t\t\t\t\t<\/div>\n\t\t<\/div>\n\t\t\t\t\t<\/div>\n\t\t<\/section>\n\t\t\t\t<section class=\"elementor-section elementor-top-section elementor-element elementor-element-4d54fe9 elementor-section-full_width elementor-section-height-default elementor-section-height-default\" data-id=\"4d54fe9\" data-element_type=\"section\" data-settings=\"{&quot;background_background&quot;:&quot;classic&quot;}\">\n\t\t\t\t\t\t\t<div class=\"elementor-background-overlay\"><\/div>\n\t\t\t\t\t\t\t<div class=\"elementor-container elementor-column-gap-narrow\">\n\t\t\t\t\t<div class=\"elementor-column elementor-col-100 elementor-top-column elementor-element elementor-element-de54cb7\" data-id=\"de54cb7\" data-element_type=\"column\">\n\t\t\t<div class=\"elementor-widget-wrap elementor-element-populated\">\n\t\t\t\t\t\t<section class=\"elementor-section elementor-inner-section elementor-element elementor-element-69a549f elementor-section-full_width elementor-section-height-default elementor-section-height-default\" data-id=\"69a549f\" data-element_type=\"section\">\n\t\t\t\t\t\t<div class=\"elementor-container elementor-column-gap-default\">\n\t\t\t\t\t<div class=\"elementor-column elementor-col-33 elementor-inner-column elementor-element elementor-element-b8c9501\" data-id=\"b8c9501\" data-element_type=\"column\">\n\t\t\t<div class=\"elementor-widget-wrap elementor-element-populated\">\n\t\t\t\t\t\t<div class=\"elementor-element elementor-element-6577fb6 elementor-widget-divider--view-line elementor-widget elementor-widget-divider\" data-id=\"6577fb6\" data-element_type=\"widget\" data-widget_type=\"divider.default\">\n\t\t\t\t<div class=\"elementor-widget-container\">\n\t\t\t\t\t\t\t<div class=\"elementor-divider\">\n\t\t\t<span class=\"elementor-divider-separator\">\n\t\t\t\t\t\t<\/span>\n\t\t<\/div>\n\t\t\t\t\t\t<\/div>\n\t\t\t\t<\/div>\n\t\t\t\t\t<\/div>\n\t\t<\/div>\n\t\t\t\t<div class=\"elementor-column elementor-col-33 elementor-inner-column elementor-element elementor-element-0df615a\" data-id=\"0df615a\" data-element_type=\"column\">\n\t\t\t<div class=\"elementor-widget-wrap elementor-element-populated\">\n\t\t\t\t\t\t<div class=\"elementor-element elementor-element-142a60f elementor-widget elementor-widget-image\" data-id=\"142a60f\" data-element_type=\"widget\" data-widget_type=\"image.default\">\n\t\t\t\t<div class=\"elementor-widget-container\">\n\t\t\t\t\t\t\t\t\t\t\t\t\t\t\t<img decoding=\"async\" width=\"512\" height=\"512\" src=\"https:\/\/www.lesclayeres.fr.preprod.eliophot.dev\/wp-content\/uploads\/2026\/02\/cropped-2-scaled-1.png\" class=\"attachment-full size-full wp-image-8764\" alt=\"\" srcset=\"https:\/\/www.lesclayeres.fr.preprod.eliophot.dev\/wp-content\/uploads\/2026\/02\/cropped-2-scaled-1.png 512w, https:\/\/www.lesclayeres.fr.preprod.eliophot.dev\/wp-content\/uploads\/2026\/02\/cropped-2-scaled-1-300x300.png 300w, https:\/\/www.lesclayeres.fr.preprod.eliophot.dev\/wp-content\/uploads\/2026\/02\/cropped-2-scaled-1-150x150.png 150w, https:\/\/www.lesclayeres.fr.preprod.eliophot.dev\/wp-content\/uploads\/2026\/02\/cropped-2-scaled-1-12x12.png 12w, https:\/\/www.lesclayeres.fr.preprod.eliophot.dev\/wp-content\/uploads\/2026\/02\/cropped-2-scaled-1-270x270.png 270w, https:\/\/www.lesclayeres.fr.preprod.eliophot.dev\/wp-content\/uploads\/2026\/02\/cropped-2-scaled-1-192x192.png 192w, https:\/\/www.lesclayeres.fr.preprod.eliophot.dev\/wp-content\/uploads\/2026\/02\/cropped-2-scaled-1-180x180.png 180w, https:\/\/www.lesclayeres.fr.preprod.eliophot.dev\/wp-content\/uploads\/2026\/02\/cropped-2-scaled-1-32x32.png 32w\" sizes=\"(max-width: 512px) 100vw, 512px\" title=\"\">\t\t\t\t\t\t\t\t\t\t\t\t\t\t\t<\/div>\n\t\t\t\t<\/div>\n\t\t\t\t\t<\/div>\n\t\t<\/div>\n\t\t\t\t<div class=\"elementor-column elementor-col-33 elementor-inner-column elementor-element elementor-element-a067337\" data-id=\"a067337\" data-element_type=\"column\">\n\t\t\t<div class=\"elementor-widget-wrap elementor-element-populated\">\n\t\t\t\t\t\t<div class=\"elementor-element elementor-element-8f4a7e7 elementor-widget-divider--view-line elementor-widget elementor-widget-divider\" data-id=\"8f4a7e7\" data-element_type=\"widget\" data-widget_type=\"divider.default\">\n\t\t\t\t<div class=\"elementor-widget-container\">\n\t\t\t\t\t\t\t<div class=\"elementor-divider\">\n\t\t\t<span class=\"elementor-divider-separator\">\n\t\t\t\t\t\t<\/span>\n\t\t<\/div>\n\t\t\t\t\t\t<\/div>\n\t\t\t\t<\/div>\n\t\t\t\t\t<\/div>\n\t\t<\/div>\n\t\t\t\t\t<\/div>\n\t\t<\/section>\n\t\t\t\t<section class=\"elementor-section elementor-inner-section elementor-element elementor-element-575b2ba elementor-section-boxed elementor-section-height-default elementor-section-height-default\" data-id=\"575b2ba\" data-element_type=\"section\">\n\t\t\t\t\t\t<div class=\"elementor-container elementor-column-gap-default\">\n\t\t\t\t\t<div class=\"elementor-column elementor-col-33 elementor-inner-column elementor-element elementor-element-5713d81\" data-id=\"5713d81\" data-element_type=\"column\">\n\t\t\t<div class=\"elementor-widget-wrap elementor-element-populated\">\n\t\t\t\t\t\t<div class=\"elementor-element elementor-element-5ddba2b elementor-widget elementor-widget-image\" data-id=\"5ddba2b\" data-element_type=\"widget\" data-widget_type=\"image.default\">\n\t\t\t\t<div class=\"elementor-widget-container\">\n\t\t\t\t\t\t\t\t\t\t\t\t\t\t\t<img loading=\"lazy\" decoding=\"async\" width=\"2560\" height=\"2560\" src=\"https:\/\/www.lesclayeres.fr.preprod.eliophot.dev\/wp-content\/uploads\/2026\/02\/huitres-scaled.jpg\" class=\"attachment-full size-full wp-image-8075\" alt=\"\" srcset=\"https:\/\/www.lesclayeres.fr.preprod.eliophot.dev\/wp-content\/uploads\/2026\/02\/huitres-scaled.jpg 2560w, https:\/\/www.lesclayeres.fr.preprod.eliophot.dev\/wp-content\/uploads\/2026\/02\/huitres-300x300.jpg 300w, https:\/\/www.lesclayeres.fr.preprod.eliophot.dev\/wp-content\/uploads\/2026\/02\/huitres-1024x1024.jpg 1024w, https:\/\/www.lesclayeres.fr.preprod.eliophot.dev\/wp-content\/uploads\/2026\/02\/huitres-150x150.jpg 150w, https:\/\/www.lesclayeres.fr.preprod.eliophot.dev\/wp-content\/uploads\/2026\/02\/huitres-768x768.jpg 768w, https:\/\/www.lesclayeres.fr.preprod.eliophot.dev\/wp-content\/uploads\/2026\/02\/huitres-1536x1536.jpg 1536w, https:\/\/www.lesclayeres.fr.preprod.eliophot.dev\/wp-content\/uploads\/2026\/02\/huitres-2048x2048.jpg 2048w, https:\/\/www.lesclayeres.fr.preprod.eliophot.dev\/wp-content\/uploads\/2026\/02\/huitres-12x12.jpg 12w\" sizes=\"(max-width: 2560px) 100vw, 2560px\" title=\"\">\t\t\t\t\t\t\t\t\t\t\t\t\t\t\t<\/div>\n\t\t\t\t<\/div>\n\t\t\t\t<div class=\"elementor-element elementor-element-6c8c34c elementor-widget elementor-widget-heading\" data-id=\"6c8c34c\" data-element_type=\"widget\" data-widget_type=\"heading.default\">\n\t\t\t\t<div class=\"elementor-widget-container\">\n\t\t\t\t\t<h3 class=\"elementor-heading-title elementor-size-default\">The must-haves<\/h3>\t\t\t\t<\/div>\n\t\t\t\t<\/div>\n\t\t\t\t<div class=\"elementor-element elementor-element-d03aa0b elementor-align-center elementor-widget__width-inherit elementor-widget elementor-widget-button\" data-id=\"d03aa0b\" data-element_type=\"widget\" data-widget_type=\"button.default\">\n\t\t\t\t<div class=\"elementor-widget-container\">\n\t\t\t\t\t\t\t\t\t<div class=\"elementor-button-wrapper\">\n\t\t\t\t\t<a class=\"elementor-button elementor-button-link elementor-size-sm\" href=\"https:\/\/www.lesclayeres.fr.preprod.eliophot.dev\/en\/tourism\/what-to-do-in-talmont-saint-hilaire\/\">\n\t\t\t\t\t\t<span class=\"elementor-button-content-wrapper\">\n\t\t\t\t\t\t\t\t\t<span class=\"elementor-button-text\">Discover<\/span>\n\t\t\t\t\t<\/span>\n\t\t\t\t\t<\/a>\n\t\t\t\t<\/div>\n\t\t\t\t\t\t\t\t<\/div>\n\t\t\t\t<\/div>\n\t\t\t\t\t<\/div>\n\t\t<\/div>\n\t\t\t\t<div class=\"elementor-column elementor-col-33 elementor-inner-column elementor-element elementor-element-4895b0f\" data-id=\"4895b0f\" data-element_type=\"column\">\n\t\t\t<div class=\"elementor-widget-wrap elementor-element-populated\">\n\t\t\t\t\t\t<div class=\"elementor-element elementor-element-125e731 elementor-widget elementor-widget-image\" data-id=\"125e731\" data-element_type=\"widget\" data-widget_type=\"image.default\">\n\t\t\t\t<div class=\"elementor-widget-container\">\n\t\t\t\t\t\t\t\t\t\t\t\t\t\t\t<img loading=\"lazy\" decoding=\"async\" width=\"1440\" height=\"2560\" src=\"https:\/\/www.lesclayeres.fr.preprod.eliophot.dev\/wp-content\/uploads\/2026\/02\/plage-du-veillon-scaled.jpg\" class=\"attachment-full size-full wp-image-8484\" alt=\"\" srcset=\"https:\/\/www.lesclayeres.fr.preprod.eliophot.dev\/wp-content\/uploads\/2026\/02\/plage-du-veillon-scaled.jpg 1440w, https:\/\/www.lesclayeres.fr.preprod.eliophot.dev\/wp-content\/uploads\/2026\/02\/plage-du-veillon-169x300.jpg 169w, https:\/\/www.lesclayeres.fr.preprod.eliophot.dev\/wp-content\/uploads\/2026\/02\/plage-du-veillon-576x1024.jpg 576w, https:\/\/www.lesclayeres.fr.preprod.eliophot.dev\/wp-content\/uploads\/2026\/02\/plage-du-veillon-768x1365.jpg 768w, https:\/\/www.lesclayeres.fr.preprod.eliophot.dev\/wp-content\/uploads\/2026\/02\/plage-du-veillon-864x1536.jpg 864w, https:\/\/www.lesclayeres.fr.preprod.eliophot.dev\/wp-content\/uploads\/2026\/02\/plage-du-veillon-1152x2048.jpg 1152w, https:\/\/www.lesclayeres.fr.preprod.eliophot.dev\/wp-content\/uploads\/2026\/02\/plage-du-veillon-7x12.jpg 7w\" sizes=\"(max-width: 1440px) 100vw, 1440px\" title=\"\">\t\t\t\t\t\t\t\t\t\t\t\t\t\t\t<\/div>\n\t\t\t\t<\/div>\n\t\t\t\t<div class=\"elementor-element elementor-element-ff23c54 elementor-widget elementor-widget-heading\" data-id=\"ff23c54\" data-element_type=\"widget\" data-widget_type=\"heading.default\">\n\t\t\t\t<div class=\"elementor-widget-container\">\n\t\t\t\t\t<h3 class=\"elementor-heading-title elementor-size-default\">The beaches<\/h3>\t\t\t\t<\/div>\n\t\t\t\t<\/div>\n\t\t\t\t<div class=\"elementor-element elementor-element-87e84c4 elementor-align-center elementor-widget__width-inherit elementor-widget elementor-widget-button\" data-id=\"87e84c4\" data-element_type=\"widget\" data-widget_type=\"button.default\">\n\t\t\t\t<div class=\"elementor-widget-container\">\n\t\t\t\t\t\t\t\t\t<div class=\"elementor-button-wrapper\">\n\t\t\t\t\t<a class=\"elementor-button elementor-button-link elementor-size-sm\" href=\"https:\/\/www.lesclayeres.fr.preprod.eliophot.dev\/en\/tourism\/the-beaches\/\">\n\t\t\t\t\t\t<span class=\"elementor-button-content-wrapper\">\n\t\t\t\t\t\t\t\t\t<span class=\"elementor-button-text\">Discover<\/span>\n\t\t\t\t\t<\/span>\n\t\t\t\t\t<\/a>\n\t\t\t\t<\/div>\n\t\t\t\t\t\t\t\t<\/div>\n\t\t\t\t<\/div>\n\t\t\t\t\t<\/div>\n\t\t<\/div>\n\t\t\t\t<div class=\"elementor-column elementor-col-33 elementor-inner-column elementor-element elementor-element-05882db\" data-id=\"05882db\" data-element_type=\"column\">\n\t\t\t<div class=\"elementor-widget-wrap elementor-element-populated\">\n\t\t\t\t\t\t<div class=\"elementor-element elementor-element-ee5700d elementor-widget elementor-widget-image\" data-id=\"ee5700d\" data-element_type=\"widget\" data-widget_type=\"image.default\">\n\t\t\t\t<div class=\"elementor-widget-container\">\n\t\t\t\t\t\t\t\t\t\t\t\t\t\t\t<img loading=\"lazy\" decoding=\"async\" width=\"2560\" height=\"1440\" src=\"https:\/\/www.lesclayeres.fr.preprod.eliophot.dev\/wp-content\/uploads\/2026\/02\/autour-domaine-clayeres-scaled.jpg\" class=\"attachment-full size-full wp-image-8156\" alt=\"\" srcset=\"https:\/\/www.lesclayeres.fr.preprod.eliophot.dev\/wp-content\/uploads\/2026\/02\/autour-domaine-clayeres-scaled.jpg 2560w, https:\/\/www.lesclayeres.fr.preprod.eliophot.dev\/wp-content\/uploads\/2026\/02\/autour-domaine-clayeres-300x169.jpg 300w, https:\/\/www.lesclayeres.fr.preprod.eliophot.dev\/wp-content\/uploads\/2026\/02\/autour-domaine-clayeres-1024x576.jpg 1024w, https:\/\/www.lesclayeres.fr.preprod.eliophot.dev\/wp-content\/uploads\/2026\/02\/autour-domaine-clayeres-768x432.jpg 768w, https:\/\/www.lesclayeres.fr.preprod.eliophot.dev\/wp-content\/uploads\/2026\/02\/autour-domaine-clayeres-1536x864.jpg 1536w, https:\/\/www.lesclayeres.fr.preprod.eliophot.dev\/wp-content\/uploads\/2026\/02\/autour-domaine-clayeres-2048x1152.jpg 2048w, https:\/\/www.lesclayeres.fr.preprod.eliophot.dev\/wp-content\/uploads\/2026\/02\/autour-domaine-clayeres-18x10.jpg 18w\" sizes=\"(max-width: 2560px) 100vw, 2560px\" title=\"\">\t\t\t\t\t\t\t\t\t\t\t\t\t\t\t<\/div>\n\t\t\t\t<\/div>\n\t\t\t\t<div class=\"elementor-element elementor-element-03ecb3d elementor-widget elementor-widget-heading\" data-id=\"03ecb3d\" data-element_type=\"widget\" data-widget_type=\"heading.default\">\n\t\t\t\t<div class=\"elementor-widget-container\">\n\t\t\t\t\t<h3 class=\"elementor-heading-title elementor-size-default\">The surrounding area<\/h3>\t\t\t\t<\/div>\n\t\t\t\t<\/div>\n\t\t\t\t<div class=\"elementor-element elementor-element-8e54395 elementor-align-center elementor-widget__width-inherit elementor-widget elementor-widget-button\" data-id=\"8e54395\" data-element_type=\"widget\" data-widget_type=\"button.default\">\n\t\t\t\t<div class=\"elementor-widget-container\">\n\t\t\t\t\t\t\t\t\t<div class=\"elementor-button-wrapper\">\n\t\t\t\t\t<a class=\"elementor-button elementor-button-link elementor-size-sm\" href=\"https:\/\/www.lesclayeres.fr.preprod.eliophot.dev\/en\/tourism\/what-to-visit-in-vendee\/\">\n\t\t\t\t\t\t<span class=\"elementor-button-content-wrapper\">\n\t\t\t\t\t\t\t\t\t<span class=\"elementor-button-text\">Discover<\/span>\n\t\t\t\t\t<\/span>\n\t\t\t\t\t<\/a>\n\t\t\t\t<\/div>\n\t\t\t\t\t\t\t\t<\/div>\n\t\t\t\t<\/div>\n\t\t\t\t\t<\/div>\n\t\t<\/div>\n\t\t\t\t\t<\/div>\n\t\t<\/section>\n\t\t\t\t\t<\/div>\n\t\t<\/div>\n\t\t\t\t\t<\/div>\n\t\t<\/section>\n\t\t\t\t<\/div>","protected":false},"excerpt":{"rendered":"<p>Profitez de nombreuses balades en Vend\u00e9e Balade en Vend\u00e9e entre nature, oc\u00e9an et paysages authentiques Des itin\u00e9raires vari\u00e9s pour tous les amoureux de plein air La Vend\u00e9e regorge d\u2019itin\u00e9raires p\u00e9destres et cyclables pour tous les niveaux. Commencez par le sentier c\u00f4tier du littoral vend\u00e9en, qui longe les falaises, les plages et les criques sauvages offrant [&hellip;]<\/p>","protected":false},"author":12,"featured_media":0,"parent":368,"menu_order":0,"comment_status":"closed","ping_status":"closed","template":"","meta":{"_acf_changed":false,"inline_featured_image":false,"footnotes":""},"class_list":["post-8151","page","type-page","status-publish","hentry"],"acf":[],"_links":{"self":[{"href":"https:\/\/www.lesclayeres.fr.preprod.eliophot.dev\/en\/wp-json\/wp\/v2\/pages\/8151","targetHints":{"allow":["GET"]}}],"collection":[{"href":"https:\/\/www.lesclayeres.fr.preprod.eliophot.dev\/en\/wp-json\/wp\/v2\/pages"}],"about":[{"href":"https:\/\/www.lesclayeres.fr.preprod.eliophot.dev\/en\/wp-json\/wp\/v2\/types\/page"}],"author":[{"embeddable":true,"href":"https:\/\/www.lesclayeres.fr.preprod.eliophot.dev\/en\/wp-json\/wp\/v2\/users\/12"}],"replies":[{"embeddable":true,"href":"https:\/\/www.lesclayeres.fr.preprod.eliophot.dev\/en\/wp-json\/wp\/v2\/comments?post=8151"}],"version-history":[{"count":27,"href":"https:\/\/www.lesclayeres.fr.preprod.eliophot.dev\/en\/wp-json\/wp\/v2\/pages\/8151\/revisions"}],"predecessor-version":[{"id":9178,"href":"https:\/\/www.lesclayeres.fr.preprod.eliophot.dev\/en\/wp-json\/wp\/v2\/pages\/8151\/revisions\/9178"}],"up":[{"embeddable":true,"href":"https:\/\/www.lesclayeres.fr.preprod.eliophot.dev\/en\/wp-json\/wp\/v2\/pages\/368"}],"wp:attachment":[{"href":"https:\/\/www.lesclayeres.fr.preprod.eliophot.dev\/en\/wp-json\/wp\/v2\/media?parent=8151"}],"curies":[{"name":"wp","href":"https:\/\/api.w.org\/{rel}","templated":true}]}}