{"id":8149,"date":"2026-02-11T18:03:57","date_gmt":"2026-02-11T17:03:57","guid":{"rendered":"https:\/\/www.lesclayeres.fr.preprod.eliophot.dev\/?page_id=8149"},"modified":"2026-03-25T15:41:02","modified_gmt":"2026-03-25T14:41:02","slug":"what-to-visit-in-vendee","status":"publish","type":"page","link":"https:\/\/www.lesclayeres.fr.preprod.eliophot.dev\/en\/tourism\/what-to-visit-in-vendee\/","title":{"rendered":"The surrounding area"},"content":{"rendered":"<div data-elementor-type=\"wp-page\" data-elementor-id=\"8149\" class=\"elementor elementor-8149\" data-elementor-post-type=\"page\">\n\t\t\t\t\t\t<section class=\"elementor-section elementor-top-section elementor-element elementor-element-d6c7843 elementor-section-full_width elementor-section-height-min-height elementor-section-height-default elementor-section-items-middle\" data-id=\"d6c7843\" data-element_type=\"section\" data-settings=\"{&quot;background_background&quot;:&quot;classic&quot;}\">\n\t\t\t\t\t\t\t<div class=\"elementor-background-overlay\"><\/div>\n\t\t\t\t\t\t\t<div class=\"elementor-container elementor-column-gap-default\">\n\t\t\t\t\t<div class=\"elementor-column elementor-col-100 elementor-top-column elementor-element elementor-element-88bef6c\" data-id=\"88bef6c\" data-element_type=\"column\">\n\t\t\t<div class=\"elementor-widget-wrap elementor-element-populated\">\n\t\t\t\t\t\t<div class=\"elementor-element elementor-element-e4128ca elementor-widget elementor-widget-heading\" data-id=\"e4128ca\" data-element_type=\"widget\" data-widget_type=\"heading.default\">\n\t\t\t\t<div class=\"elementor-widget-container\">\n\t\t\t\t\t<h1 class=\"elementor-heading-title elementor-size-default\">Take the opportunity to visit the Vend\u00e9e<\/h1>\t\t\t\t<\/div>\n\t\t\t\t<\/div>\n\t\t\t\t\t<\/div>\n\t\t<\/div>\n\t\t\t\t\t<\/div>\n\t\t<\/section>\n\t\t\t\t<section class=\"elementor-section elementor-top-section elementor-element elementor-element-99f5059 elementor-section-boxed elementor-section-height-default elementor-section-height-default\" data-id=\"99f5059\" data-element_type=\"section\" data-settings=\"{&quot;background_background&quot;:&quot;classic&quot;}\">\n\t\t\t\t\t\t\t<div class=\"elementor-background-overlay\"><\/div>\n\t\t\t\t\t\t\t<div class=\"elementor-container elementor-column-gap-default\">\n\t\t\t\t\t<div class=\"elementor-column elementor-col-50 elementor-top-column elementor-element elementor-element-caa8998\" data-id=\"caa8998\" data-element_type=\"column\">\n\t\t\t<div class=\"elementor-widget-wrap elementor-element-populated\">\n\t\t\t\t\t\t<div class=\"elementor-element elementor-element-d9f3b11 elementor-widget elementor-widget-heading\" data-id=\"d9f3b11\" data-element_type=\"widget\" data-widget_type=\"heading.default\">\n\t\t\t\t<div class=\"elementor-widget-container\">\n\t\t\t\t\t<h2 class=\"elementor-heading-title elementor-size-default\">Heritage, history and villages of character<\/h2>\t\t\t\t<\/div>\n\t\t\t\t<\/div>\n\t\t\t\t<div class=\"elementor-element elementor-element-fb25cbd elementor-widget elementor-widget-text-editor\" data-id=\"fb25cbd\" data-element_type=\"widget\" data-widget_type=\"text-editor.default\">\n\t\t\t\t<div class=\"elementor-widget-container\">\n\t\t\t\t\t\t\t\t\t<p>Emblematic locations combining culture and authenticity<\/p>\t\t\t\t\t\t\t\t<\/div>\n\t\t\t\t<\/div>\n\t\t\t\t<div class=\"elementor-element elementor-element-f0c852e elementor-widget elementor-widget-text-editor\" data-id=\"f0c852e\" data-element_type=\"widget\" data-widget_type=\"text-editor.default\">\n\t\t\t\t<div class=\"elementor-widget-container\">\n\t\t\t\t\t\t\t\t\t<p>If you're wondering what to visit in the Vend\u00e9e, start with the legendary Puy du Fou, a historic theme park voted the best in the world several times over. Closer to the coast, stroll through the lively streets of Les Sables-d'Olonne, a famous seaside resort and the starting point for the Vend\u00e9e Globe. Or discover the charm of Vouvant, one of France's most beautiful villages, with its ramparts and medieval atmosphere. These emblematic sites reveal the diversity of the Vend\u00e9e's heritage, with its maritime traditions, historic architecture and local art of living.<\/p>\t\t\t\t\t\t\t\t<\/div>\n\t\t\t\t<\/div>\n\t\t\t\t\t<\/div>\n\t\t<\/div>\n\t\t\t\t<div class=\"elementor-column elementor-col-50 elementor-top-column elementor-element elementor-element-0e33b50\" data-id=\"0e33b50\" data-element_type=\"column\">\n\t\t\t<div class=\"elementor-widget-wrap elementor-element-populated\">\n\t\t\t\t\t\t<div class=\"elementor-element elementor-element-eb64b02 elementor-widget elementor-widget-image\" data-id=\"eb64b02\" data-element_type=\"widget\" data-widget_type=\"image.default\">\n\t\t\t\t<div class=\"elementor-widget-container\">\n\t\t\t\t\t\t\t\t\t\t\t\t\t\t\t<img fetchpriority=\"high\" decoding=\"async\" width=\"2560\" height=\"1707\" src=\"https:\/\/www.lesclayeres.fr.preprod.eliophot.dev\/wp-content\/uploads\/2026\/02\/alentours-les-clayeres-scaled.jpg\" class=\"attachment-full size-full wp-image-8006\" alt=\"\" srcset=\"https:\/\/www.lesclayeres.fr.preprod.eliophot.dev\/wp-content\/uploads\/2026\/02\/alentours-les-clayeres-scaled.jpg 2560w, https:\/\/www.lesclayeres.fr.preprod.eliophot.dev\/wp-content\/uploads\/2026\/02\/alentours-les-clayeres-300x200.jpg 300w, https:\/\/www.lesclayeres.fr.preprod.eliophot.dev\/wp-content\/uploads\/2026\/02\/alentours-les-clayeres-1024x683.jpg 1024w, https:\/\/www.lesclayeres.fr.preprod.eliophot.dev\/wp-content\/uploads\/2026\/02\/alentours-les-clayeres-768x512.jpg 768w, https:\/\/www.lesclayeres.fr.preprod.eliophot.dev\/wp-content\/uploads\/2026\/02\/alentours-les-clayeres-1536x1024.jpg 1536w, https:\/\/www.lesclayeres.fr.preprod.eliophot.dev\/wp-content\/uploads\/2026\/02\/alentours-les-clayeres-2048x1365.jpg 2048w, https:\/\/www.lesclayeres.fr.preprod.eliophot.dev\/wp-content\/uploads\/2026\/02\/alentours-les-clayeres-18x12.jpg 18w\" sizes=\"(max-width: 2560px) 100vw, 2560px\" title=\"\">\t\t\t\t\t\t\t\t\t\t\t\t\t\t\t<\/div>\n\t\t\t\t<\/div>\n\t\t\t\t\t<\/div>\n\t\t<\/div>\n\t\t\t\t\t<\/div>\n\t\t<\/section>\n\t\t\t\t<section class=\"elementor-section elementor-top-section elementor-element elementor-element-a644436 elementor-section-full_width elementor-section-height-default elementor-section-height-default\" data-id=\"a644436\" data-element_type=\"section\">\n\t\t\t\t\t\t<div class=\"elementor-container elementor-column-gap-default\">\n\t\t\t\t\t<div class=\"elementor-column elementor-col-100 elementor-top-column elementor-element elementor-element-f3e776b\" data-id=\"f3e776b\" data-element_type=\"column\">\n\t\t\t<div class=\"elementor-widget-wrap elementor-element-populated\">\n\t\t\t\t\t\t<section class=\"elementor-section elementor-inner-section elementor-element elementor-element-c8d6fd3 elementor-section-full_width elementor-reverse-tablet elementor-reverse-mobile elementor-section-height-default elementor-section-height-default\" data-id=\"c8d6fd3\" data-element_type=\"section\">\n\t\t\t\t\t\t<div class=\"elementor-container elementor-column-gap-default\">\n\t\t\t\t\t<div class=\"elementor-column elementor-col-50 elementor-inner-column elementor-element elementor-element-fe80958\" data-id=\"fe80958\" data-element_type=\"column\">\n\t\t\t<div class=\"elementor-widget-wrap elementor-element-populated\">\n\t\t\t\t\t\t<div class=\"elementor-element elementor-element-cf0869f elementor-widget elementor-widget-image\" data-id=\"cf0869f\" data-element_type=\"widget\" data-widget_type=\"image.default\">\n\t\t\t\t<div class=\"elementor-widget-container\">\n\t\t\t\t\t\t\t\t\t\t\t\t\t\t\t<img decoding=\"async\" width=\"1080\" height=\"1351\" src=\"https:\/\/www.lesclayeres.fr.preprod.eliophot.dev\/wp-content\/uploads\/2026\/02\/environnement-les-clayeres.jpg\" class=\"attachment-full size-full wp-image-8060\" alt=\"\" srcset=\"https:\/\/www.lesclayeres.fr.preprod.eliophot.dev\/wp-content\/uploads\/2026\/02\/environnement-les-clayeres.jpg 1080w, https:\/\/www.lesclayeres.fr.preprod.eliophot.dev\/wp-content\/uploads\/2026\/02\/environnement-les-clayeres-240x300.jpg 240w, https:\/\/www.lesclayeres.fr.preprod.eliophot.dev\/wp-content\/uploads\/2026\/02\/environnement-les-clayeres-819x1024.jpg 819w, https:\/\/www.lesclayeres.fr.preprod.eliophot.dev\/wp-content\/uploads\/2026\/02\/environnement-les-clayeres-768x961.jpg 768w, https:\/\/www.lesclayeres.fr.preprod.eliophot.dev\/wp-content\/uploads\/2026\/02\/environnement-les-clayeres-10x12.jpg 10w\" sizes=\"(max-width: 1080px) 100vw, 1080px\" title=\"\">\t\t\t\t\t\t\t\t\t\t\t\t\t\t\t<\/div>\n\t\t\t\t<\/div>\n\t\t\t\t\t<\/div>\n\t\t<\/div>\n\t\t\t\t<div class=\"elementor-column elementor-col-50 elementor-inner-column elementor-element elementor-element-dc3893d\" data-id=\"dc3893d\" data-element_type=\"column\">\n\t\t\t<div class=\"elementor-widget-wrap elementor-element-populated\">\n\t\t\t\t\t\t<div class=\"elementor-element elementor-element-b9e5ad5 elementor-widget elementor-widget-heading\" data-id=\"b9e5ad5\" data-element_type=\"widget\" data-widget_type=\"heading.default\">\n\t\t\t\t<div class=\"elementor-widget-container\">\n\t\t\t\t\t<h2 class=\"elementor-heading-title elementor-size-default\">What to visit in the Vend\u00e9e: nature, islands and exceptional views<\/h2>\t\t\t\t<\/div>\n\t\t\t\t<\/div>\n\t\t\t\t<div class=\"elementor-element elementor-element-923943e elementor-widget elementor-widget-text-editor\" data-id=\"923943e\" data-element_type=\"widget\" data-widget_type=\"text-editor.default\">\n\t\t\t\t<div class=\"elementor-widget-container\">\n\t\t\t\t\t\t\t\t\t<p>A varied landscape of ocean, marsh and Atlantic islands<\/p>\t\t\t\t\t\t\t\t<\/div>\n\t\t\t\t<\/div>\n\t\t\t\t<div class=\"elementor-element elementor-element-3255694 elementor-widget elementor-widget-text-editor\" data-id=\"3255694\" data-element_type=\"widget\" data-widget_type=\"text-editor.default\">\n\t\t\t\t<div class=\"elementor-widget-container\">\n\t\t\t\t\t\t\t\t\t<p>To complete your stay and know exactly what to visit in the Vend\u00e9e, explore the iconic \u00cele de Noirmoutier, accessible via the famous Passage du Gois or by bridge, renowned for its beaches and salt marshes. The authentic \u00cele d'Yeu has wild cliffs and a picturesque harbour. Nature lovers will also appreciate the Marais Poitevin, nicknamed the \u201cGreen Venice\u201d, ideal for a boat trip. With its coastline, Atlantic islands and lush green landscapes, the Vend\u00e9e offers a mosaic of experiences to discover during your stay in Talmont-Saint-Hilaire.<\/p>\t\t\t\t\t\t\t\t<\/div>\n\t\t\t\t<\/div>\n\t\t\t\t\t<\/div>\n\t\t<\/div>\n\t\t\t\t\t<\/div>\n\t\t<\/section>\n\t\t\t\t\t<\/div>\n\t\t<\/div>\n\t\t\t\t\t<\/div>\n\t\t<\/section>\n\t\t\t\t<section class=\"elementor-section elementor-top-section elementor-element elementor-element-4d54fe9 elementor-section-full_width elementor-section-height-default elementor-section-height-default\" data-id=\"4d54fe9\" data-element_type=\"section\" data-settings=\"{&quot;background_background&quot;:&quot;classic&quot;}\">\n\t\t\t\t\t\t\t<div class=\"elementor-background-overlay\"><\/div>\n\t\t\t\t\t\t\t<div class=\"elementor-container elementor-column-gap-narrow\">\n\t\t\t\t\t<div class=\"elementor-column elementor-col-100 elementor-top-column elementor-element elementor-element-de54cb7\" data-id=\"de54cb7\" data-element_type=\"column\">\n\t\t\t<div class=\"elementor-widget-wrap elementor-element-populated\">\n\t\t\t\t\t\t<section class=\"elementor-section elementor-inner-section elementor-element elementor-element-69a549f elementor-section-full_width elementor-section-height-default elementor-section-height-default\" data-id=\"69a549f\" data-element_type=\"section\">\n\t\t\t\t\t\t<div class=\"elementor-container elementor-column-gap-default\">\n\t\t\t\t\t<div class=\"elementor-column elementor-col-33 elementor-inner-column elementor-element elementor-element-b8c9501\" data-id=\"b8c9501\" data-element_type=\"column\">\n\t\t\t<div class=\"elementor-widget-wrap elementor-element-populated\">\n\t\t\t\t\t\t<div class=\"elementor-element elementor-element-6577fb6 elementor-widget-divider--view-line elementor-widget elementor-widget-divider\" data-id=\"6577fb6\" data-element_type=\"widget\" data-widget_type=\"divider.default\">\n\t\t\t\t<div class=\"elementor-widget-container\">\n\t\t\t\t\t\t\t<div class=\"elementor-divider\">\n\t\t\t<span class=\"elementor-divider-separator\">\n\t\t\t\t\t\t<\/span>\n\t\t<\/div>\n\t\t\t\t\t\t<\/div>\n\t\t\t\t<\/div>\n\t\t\t\t\t<\/div>\n\t\t<\/div>\n\t\t\t\t<div class=\"elementor-column elementor-col-33 elementor-inner-column elementor-element elementor-element-0df615a\" data-id=\"0df615a\" data-element_type=\"column\">\n\t\t\t<div class=\"elementor-widget-wrap elementor-element-populated\">\n\t\t\t\t\t\t<div class=\"elementor-element elementor-element-142a60f elementor-widget elementor-widget-image\" data-id=\"142a60f\" data-element_type=\"widget\" data-widget_type=\"image.default\">\n\t\t\t\t<div class=\"elementor-widget-container\">\n\t\t\t\t\t\t\t\t\t\t\t\t\t\t\t<img decoding=\"async\" width=\"512\" height=\"512\" src=\"https:\/\/www.lesclayeres.fr.preprod.eliophot.dev\/wp-content\/uploads\/2026\/02\/cropped-2-scaled-1.png\" class=\"attachment-full size-full wp-image-8764\" alt=\"\" srcset=\"https:\/\/www.lesclayeres.fr.preprod.eliophot.dev\/wp-content\/uploads\/2026\/02\/cropped-2-scaled-1.png 512w, https:\/\/www.lesclayeres.fr.preprod.eliophot.dev\/wp-content\/uploads\/2026\/02\/cropped-2-scaled-1-300x300.png 300w, https:\/\/www.lesclayeres.fr.preprod.eliophot.dev\/wp-content\/uploads\/2026\/02\/cropped-2-scaled-1-150x150.png 150w, https:\/\/www.lesclayeres.fr.preprod.eliophot.dev\/wp-content\/uploads\/2026\/02\/cropped-2-scaled-1-12x12.png 12w, https:\/\/www.lesclayeres.fr.preprod.eliophot.dev\/wp-content\/uploads\/2026\/02\/cropped-2-scaled-1-270x270.png 270w, https:\/\/www.lesclayeres.fr.preprod.eliophot.dev\/wp-content\/uploads\/2026\/02\/cropped-2-scaled-1-192x192.png 192w, https:\/\/www.lesclayeres.fr.preprod.eliophot.dev\/wp-content\/uploads\/2026\/02\/cropped-2-scaled-1-180x180.png 180w, https:\/\/www.lesclayeres.fr.preprod.eliophot.dev\/wp-content\/uploads\/2026\/02\/cropped-2-scaled-1-32x32.png 32w\" sizes=\"(max-width: 512px) 100vw, 512px\" title=\"\">\t\t\t\t\t\t\t\t\t\t\t\t\t\t\t<\/div>\n\t\t\t\t<\/div>\n\t\t\t\t\t<\/div>\n\t\t<\/div>\n\t\t\t\t<div class=\"elementor-column elementor-col-33 elementor-inner-column elementor-element elementor-element-a067337\" data-id=\"a067337\" data-element_type=\"column\">\n\t\t\t<div class=\"elementor-widget-wrap elementor-element-populated\">\n\t\t\t\t\t\t<div class=\"elementor-element elementor-element-8f4a7e7 elementor-widget-divider--view-line elementor-widget elementor-widget-divider\" data-id=\"8f4a7e7\" data-element_type=\"widget\" data-widget_type=\"divider.default\">\n\t\t\t\t<div class=\"elementor-widget-container\">\n\t\t\t\t\t\t\t<div class=\"elementor-divider\">\n\t\t\t<span class=\"elementor-divider-separator\">\n\t\t\t\t\t\t<\/span>\n\t\t<\/div>\n\t\t\t\t\t\t<\/div>\n\t\t\t\t<\/div>\n\t\t\t\t\t<\/div>\n\t\t<\/div>\n\t\t\t\t\t<\/div>\n\t\t<\/section>\n\t\t\t\t<section class=\"elementor-section elementor-inner-section elementor-element elementor-element-575b2ba elementor-section-boxed elementor-section-height-default elementor-section-height-default\" data-id=\"575b2ba\" data-element_type=\"section\">\n\t\t\t\t\t\t<div class=\"elementor-container elementor-column-gap-default\">\n\t\t\t\t\t<div class=\"elementor-column elementor-col-33 elementor-inner-column elementor-element elementor-element-5713d81\" data-id=\"5713d81\" data-element_type=\"column\">\n\t\t\t<div class=\"elementor-widget-wrap elementor-element-populated\">\n\t\t\t\t\t\t<div class=\"elementor-element elementor-element-5ddba2b elementor-widget elementor-widget-image\" data-id=\"5ddba2b\" data-element_type=\"widget\" data-widget_type=\"image.default\">\n\t\t\t\t<div class=\"elementor-widget-container\">\n\t\t\t\t\t\t\t\t\t\t\t\t\t\t\t<img loading=\"lazy\" decoding=\"async\" width=\"2560\" height=\"2560\" src=\"https:\/\/www.lesclayeres.fr.preprod.eliophot.dev\/wp-content\/uploads\/2026\/02\/huitres-scaled.jpg\" class=\"attachment-full size-full wp-image-8075\" alt=\"\" srcset=\"https:\/\/www.lesclayeres.fr.preprod.eliophot.dev\/wp-content\/uploads\/2026\/02\/huitres-scaled.jpg 2560w, https:\/\/www.lesclayeres.fr.preprod.eliophot.dev\/wp-content\/uploads\/2026\/02\/huitres-300x300.jpg 300w, https:\/\/www.lesclayeres.fr.preprod.eliophot.dev\/wp-content\/uploads\/2026\/02\/huitres-1024x1024.jpg 1024w, https:\/\/www.lesclayeres.fr.preprod.eliophot.dev\/wp-content\/uploads\/2026\/02\/huitres-150x150.jpg 150w, https:\/\/www.lesclayeres.fr.preprod.eliophot.dev\/wp-content\/uploads\/2026\/02\/huitres-768x768.jpg 768w, https:\/\/www.lesclayeres.fr.preprod.eliophot.dev\/wp-content\/uploads\/2026\/02\/huitres-1536x1536.jpg 1536w, https:\/\/www.lesclayeres.fr.preprod.eliophot.dev\/wp-content\/uploads\/2026\/02\/huitres-2048x2048.jpg 2048w, https:\/\/www.lesclayeres.fr.preprod.eliophot.dev\/wp-content\/uploads\/2026\/02\/huitres-12x12.jpg 12w\" sizes=\"(max-width: 2560px) 100vw, 2560px\" title=\"\">\t\t\t\t\t\t\t\t\t\t\t\t\t\t\t<\/div>\n\t\t\t\t<\/div>\n\t\t\t\t<div class=\"elementor-element elementor-element-6c8c34c elementor-widget elementor-widget-heading\" data-id=\"6c8c34c\" data-element_type=\"widget\" data-widget_type=\"heading.default\">\n\t\t\t\t<div class=\"elementor-widget-container\">\n\t\t\t\t\t<h3 class=\"elementor-heading-title elementor-size-default\">The must-haves<\/h3>\t\t\t\t<\/div>\n\t\t\t\t<\/div>\n\t\t\t\t<div class=\"elementor-element elementor-element-d03aa0b elementor-align-center elementor-widget__width-inherit elementor-widget elementor-widget-button\" data-id=\"d03aa0b\" data-element_type=\"widget\" data-widget_type=\"button.default\">\n\t\t\t\t<div class=\"elementor-widget-container\">\n\t\t\t\t\t\t\t\t\t<div class=\"elementor-button-wrapper\">\n\t\t\t\t\t<a class=\"elementor-button elementor-button-link elementor-size-sm\" href=\"https:\/\/www.lesclayeres.fr.preprod.eliophot.dev\/en\/tourism\/what-to-do-in-talmont-saint-hilaire\/\">\n\t\t\t\t\t\t<span class=\"elementor-button-content-wrapper\">\n\t\t\t\t\t\t\t\t\t<span class=\"elementor-button-text\">Discover<\/span>\n\t\t\t\t\t<\/span>\n\t\t\t\t\t<\/a>\n\t\t\t\t<\/div>\n\t\t\t\t\t\t\t\t<\/div>\n\t\t\t\t<\/div>\n\t\t\t\t\t<\/div>\n\t\t<\/div>\n\t\t\t\t<div class=\"elementor-column elementor-col-33 elementor-inner-column elementor-element elementor-element-4895b0f\" data-id=\"4895b0f\" data-element_type=\"column\">\n\t\t\t<div class=\"elementor-widget-wrap elementor-element-populated\">\n\t\t\t\t\t\t<div class=\"elementor-element elementor-element-125e731 elementor-widget elementor-widget-image\" data-id=\"125e731\" data-element_type=\"widget\" data-widget_type=\"image.default\">\n\t\t\t\t<div class=\"elementor-widget-container\">\n\t\t\t\t\t\t\t\t\t\t\t\t\t\t\t<img loading=\"lazy\" decoding=\"async\" width=\"1440\" height=\"2560\" src=\"https:\/\/www.lesclayeres.fr.preprod.eliophot.dev\/wp-content\/uploads\/2026\/02\/plage-du-veillon-scaled.jpg\" class=\"attachment-full size-full wp-image-8484\" alt=\"\" srcset=\"https:\/\/www.lesclayeres.fr.preprod.eliophot.dev\/wp-content\/uploads\/2026\/02\/plage-du-veillon-scaled.jpg 1440w, https:\/\/www.lesclayeres.fr.preprod.eliophot.dev\/wp-content\/uploads\/2026\/02\/plage-du-veillon-169x300.jpg 169w, https:\/\/www.lesclayeres.fr.preprod.eliophot.dev\/wp-content\/uploads\/2026\/02\/plage-du-veillon-576x1024.jpg 576w, https:\/\/www.lesclayeres.fr.preprod.eliophot.dev\/wp-content\/uploads\/2026\/02\/plage-du-veillon-768x1365.jpg 768w, https:\/\/www.lesclayeres.fr.preprod.eliophot.dev\/wp-content\/uploads\/2026\/02\/plage-du-veillon-864x1536.jpg 864w, https:\/\/www.lesclayeres.fr.preprod.eliophot.dev\/wp-content\/uploads\/2026\/02\/plage-du-veillon-1152x2048.jpg 1152w, https:\/\/www.lesclayeres.fr.preprod.eliophot.dev\/wp-content\/uploads\/2026\/02\/plage-du-veillon-7x12.jpg 7w\" sizes=\"(max-width: 1440px) 100vw, 1440px\" title=\"\">\t\t\t\t\t\t\t\t\t\t\t\t\t\t\t<\/div>\n\t\t\t\t<\/div>\n\t\t\t\t<div class=\"elementor-element elementor-element-ff23c54 elementor-widget elementor-widget-heading\" data-id=\"ff23c54\" data-element_type=\"widget\" data-widget_type=\"heading.default\">\n\t\t\t\t<div class=\"elementor-widget-container\">\n\t\t\t\t\t<h3 class=\"elementor-heading-title elementor-size-default\">The beaches<\/h3>\t\t\t\t<\/div>\n\t\t\t\t<\/div>\n\t\t\t\t<div class=\"elementor-element elementor-element-87e84c4 elementor-align-center elementor-widget__width-inherit elementor-widget elementor-widget-button\" data-id=\"87e84c4\" data-element_type=\"widget\" data-widget_type=\"button.default\">\n\t\t\t\t<div class=\"elementor-widget-container\">\n\t\t\t\t\t\t\t\t\t<div class=\"elementor-button-wrapper\">\n\t\t\t\t\t<a class=\"elementor-button elementor-button-link elementor-size-sm\" href=\"https:\/\/www.lesclayeres.fr.preprod.eliophot.dev\/en\/tourism\/the-beaches\/\">\n\t\t\t\t\t\t<span class=\"elementor-button-content-wrapper\">\n\t\t\t\t\t\t\t\t\t<span class=\"elementor-button-text\">Discover<\/span>\n\t\t\t\t\t<\/span>\n\t\t\t\t\t<\/a>\n\t\t\t\t<\/div>\n\t\t\t\t\t\t\t\t<\/div>\n\t\t\t\t<\/div>\n\t\t\t\t\t<\/div>\n\t\t<\/div>\n\t\t\t\t<div class=\"elementor-column elementor-col-33 elementor-inner-column elementor-element elementor-element-05882db\" data-id=\"05882db\" data-element_type=\"column\">\n\t\t\t<div class=\"elementor-widget-wrap elementor-element-populated\">\n\t\t\t\t\t\t<div class=\"elementor-element elementor-element-ee5700d elementor-widget elementor-widget-image\" data-id=\"ee5700d\" data-element_type=\"widget\" data-widget_type=\"image.default\">\n\t\t\t\t<div class=\"elementor-widget-container\">\n\t\t\t\t\t\t\t\t\t\t\t\t\t\t\t<img loading=\"lazy\" decoding=\"async\" width=\"1707\" height=\"2560\" src=\"https:\/\/www.lesclayeres.fr.preprod.eliophot.dev\/wp-content\/uploads\/2026\/02\/balade-velo.jpg\" class=\"attachment-full size-full wp-image-8074\" alt=\"\" srcset=\"https:\/\/www.lesclayeres.fr.preprod.eliophot.dev\/wp-content\/uploads\/2026\/02\/balade-velo.jpg 1707w, https:\/\/www.lesclayeres.fr.preprod.eliophot.dev\/wp-content\/uploads\/2026\/02\/balade-velo-200x300.jpg 200w, https:\/\/www.lesclayeres.fr.preprod.eliophot.dev\/wp-content\/uploads\/2026\/02\/balade-velo-683x1024.jpg 683w, https:\/\/www.lesclayeres.fr.preprod.eliophot.dev\/wp-content\/uploads\/2026\/02\/balade-velo-768x1152.jpg 768w, https:\/\/www.lesclayeres.fr.preprod.eliophot.dev\/wp-content\/uploads\/2026\/02\/balade-velo-1024x1536.jpg 1024w, https:\/\/www.lesclayeres.fr.preprod.eliophot.dev\/wp-content\/uploads\/2026\/02\/balade-velo-1366x2048.jpg 1366w, https:\/\/www.lesclayeres.fr.preprod.eliophot.dev\/wp-content\/uploads\/2026\/02\/balade-velo-8x12.jpg 8w\" sizes=\"(max-width: 1707px) 100vw, 1707px\" title=\"\">\t\t\t\t\t\t\t\t\t\t\t\t\t\t\t<\/div>\n\t\t\t\t<\/div>\n\t\t\t\t<div class=\"elementor-element elementor-element-03ecb3d elementor-widget elementor-widget-heading\" data-id=\"03ecb3d\" data-element_type=\"widget\" data-widget_type=\"heading.default\">\n\t\t\t\t<div class=\"elementor-widget-container\">\n\t\t\t\t\t<h3 class=\"elementor-heading-title elementor-size-default\">The walks<\/h3>\t\t\t\t<\/div>\n\t\t\t\t<\/div>\n\t\t\t\t<div class=\"elementor-element elementor-element-8e54395 elementor-align-center elementor-widget__width-inherit elementor-widget elementor-widget-button\" data-id=\"8e54395\" data-element_type=\"widget\" data-widget_type=\"button.default\">\n\t\t\t\t<div class=\"elementor-widget-container\">\n\t\t\t\t\t\t\t\t\t<div class=\"elementor-button-wrapper\">\n\t\t\t\t\t<a class=\"elementor-button elementor-button-link elementor-size-sm\" href=\"https:\/\/www.lesclayeres.fr.preprod.eliophot.dev\/en\/tourism\/walks\/\">\n\t\t\t\t\t\t<span class=\"elementor-button-content-wrapper\">\n\t\t\t\t\t\t\t\t\t<span class=\"elementor-button-text\">Discover<\/span>\n\t\t\t\t\t<\/span>\n\t\t\t\t\t<\/a>\n\t\t\t\t<\/div>\n\t\t\t\t\t\t\t\t<\/div>\n\t\t\t\t<\/div>\n\t\t\t\t\t<\/div>\n\t\t<\/div>\n\t\t\t\t\t<\/div>\n\t\t<\/section>\n\t\t\t\t\t<\/div>\n\t\t<\/div>\n\t\t\t\t\t<\/div>\n\t\t<\/section>\n\t\t\t\t<\/div>","protected":false},"excerpt":{"rendered":"<p>Profitez-en pour visiter la Vend\u00e9e Patrimoine, histoire et villages de caract\u00e8re Des lieux embl\u00e9matiques entre culture et authenticit\u00e9 Si vous vous demandez quoi visiter en Vend\u00e9e, commencez par le mythique Puy du Fou, parc \u00e0 th\u00e8me historique \u00e9lu plusieurs fois meilleur parc du monde. Plus pr\u00e8s de la c\u00f4te, fl\u00e2nez dans les ruelles anim\u00e9es des [&hellip;]<\/p>","protected":false},"author":12,"featured_media":0,"parent":368,"menu_order":0,"comment_status":"closed","ping_status":"closed","template":"","meta":{"_acf_changed":false,"inline_featured_image":false,"footnotes":""},"class_list":["post-8149","page","type-page","status-publish","hentry"],"acf":[],"_links":{"self":[{"href":"https:\/\/www.lesclayeres.fr.preprod.eliophot.dev\/en\/wp-json\/wp\/v2\/pages\/8149","targetHints":{"allow":["GET"]}}],"collection":[{"href":"https:\/\/www.lesclayeres.fr.preprod.eliophot.dev\/en\/wp-json\/wp\/v2\/pages"}],"about":[{"href":"https:\/\/www.lesclayeres.fr.preprod.eliophot.dev\/en\/wp-json\/wp\/v2\/types\/page"}],"author":[{"embeddable":true,"href":"https:\/\/www.lesclayeres.fr.preprod.eliophot.dev\/en\/wp-json\/wp\/v2\/users\/12"}],"replies":[{"embeddable":true,"href":"https:\/\/www.lesclayeres.fr.preprod.eliophot.dev\/en\/wp-json\/wp\/v2\/comments?post=8149"}],"version-history":[{"count":33,"href":"https:\/\/www.lesclayeres.fr.preprod.eliophot.dev\/en\/wp-json\/wp\/v2\/pages\/8149\/revisions"}],"predecessor-version":[{"id":9171,"href":"https:\/\/www.lesclayeres.fr.preprod.eliophot.dev\/en\/wp-json\/wp\/v2\/pages\/8149\/revisions\/9171"}],"up":[{"embeddable":true,"href":"https:\/\/www.lesclayeres.fr.preprod.eliophot.dev\/en\/wp-json\/wp\/v2\/pages\/368"}],"wp:attachment":[{"href":"https:\/\/www.lesclayeres.fr.preprod.eliophot.dev\/en\/wp-json\/wp\/v2\/media?parent=8149"}],"curies":[{"name":"wp","href":"https:\/\/api.w.org\/{rel}","templated":true}]}}