{"id":7519,"date":"2025-07-25T09:06:41","date_gmt":"2025-07-25T07:06:41","guid":{"rendered":"https:\/\/www.lesclayeres.fr.preprod.eliophot.dev\/?page_id=7519"},"modified":"2026-02-18T09:43:27","modified_gmt":"2026-02-18T08:43:27","slug":"privacy-policy","status":"publish","type":"page","link":"https:\/\/www.lesclayeres.fr.preprod.eliophot.dev\/en\/privacy-policy\/","title":{"rendered":"Privacy policy"},"content":{"rendered":"<div data-elementor-type=\"wp-page\" data-elementor-id=\"7519\" class=\"elementor elementor-7519\" data-elementor-post-type=\"page\">\n\t\t\t\t\t\t<section class=\"elementor-section elementor-top-section elementor-element elementor-element-e73282b elementor-section-full_width elementor-section-height-full elementor-section-height-default elementor-section-items-middle\" data-id=\"e73282b\" data-element_type=\"section\" data-settings=\"{&quot;background_background&quot;:&quot;classic&quot;}\">\n\t\t\t\t\t\t<div class=\"elementor-container elementor-column-gap-default\">\n\t\t\t\t\t<div class=\"elementor-column elementor-col-100 elementor-top-column elementor-element elementor-element-5099ac4\" data-id=\"5099ac4\" data-element_type=\"column\">\n\t\t\t<div class=\"elementor-widget-wrap elementor-element-populated\">\n\t\t\t\t\t\t<div class=\"elementor-element elementor-element-58c14fd elementor-widget elementor-widget-heading\" data-id=\"58c14fd\" data-element_type=\"widget\" data-widget_type=\"heading.default\">\n\t\t\t\t<div class=\"elementor-widget-container\">\n\t\t\t\t\t<h1 class=\"elementor-heading-title elementor-size-default\">Privacy policy<\/h1>\t\t\t\t<\/div>\n\t\t\t\t<\/div>\n\t\t\t\t\t<\/div>\n\t\t<\/div>\n\t\t\t\t\t<\/div>\n\t\t<\/section>\n\t\t\t\t<section class=\"elementor-section elementor-top-section elementor-element elementor-element-682f6fa elementor-section-boxed elementor-section-height-default elementor-section-height-default\" data-id=\"682f6fa\" data-element_type=\"section\">\n\t\t\t\t\t\t<div class=\"elementor-container elementor-column-gap-default\">\n\t\t\t\t\t<div class=\"elementor-column elementor-col-100 elementor-top-column elementor-element elementor-element-1f494f2\" data-id=\"1f494f2\" data-element_type=\"column\">\n\t\t\t<div class=\"elementor-widget-wrap elementor-element-populated\">\n\t\t\t\t\t\t<div class=\"elementor-element elementor-element-3455a48 elementor-widget elementor-widget-text-editor\" data-id=\"3455a48\" data-element_type=\"widget\" data-widget_type=\"text-editor.default\">\n\t\t\t\t<div class=\"elementor-widget-container\">\n\t\t\t\t\t\t\t\t\t<div id=\"main-content\"><article id=\"post-657\" class=\"post-657 page type-page status-publish hentry\"><div class=\"entry-content\"><div class=\"et-l et-l--post\"><div class=\"et_builder_inner_content et_pb_gutters3\"><div class=\"et_pb_section et_pb_section_0 et_section_regular\"><div class=\"et_pb_row et_pb_row_1\"><div class=\"et_pb_column et_pb_column_4_4 et_pb_column_1 et_pb_css_mix_blend_mode_passthrough et-last-child\"><div class=\"et_pb_module et_pb_text et_pb_text_1 et_pb_text_align_left et_pb_bg_layout_light\"><div class=\"et_pb_text_inner\"><p>We attach great importance to the confidentiality of personal data. We are committed to guaranteeing a high level of protection for your data in accordance with current European and French regulations. For more information on the protection of personal data, please consult the website of the Commission Nationale de l'Informatique et des Libert\u00e9s (CNIL) at the following address:\u00a0<a href=\"https:\/\/www.cnil.fr\/\" target=\"_blank\" rel=\"noopener nofollow\">https:\/\/www.cnil.fr\/<\/a>.<\/p><p>\u00a0<\/p><h3><b>Collection of<\/b><b> Information<\/b><\/h3><p>We collect various types of information when you visit our site, in particular your IP address, browser type, preferred language, pages visited, etc. Generally speaking, it is possible for users to visit the site without disclosing their personal information. However, if you refuse to do so, it is likely that you will not be able to access certain information or services that you have requested, which would have an impact on your browsing experience.<\/p><p>In certain cases, the lesclayeres.fr website may ask you for information such as your first name, your surname, your telephone number (...) When you enter your personal information on the website, you consent to it being processed.<\/p><p>\u00a0<\/p><h3><b>Responsible for processing user data<\/b><\/h3><p>The party responsible for processing the information is\u00a0<b>DOMAINE LES CLAYERES\u00a0<\/b>226 Rue des Parcs - Le Port de la Guitti\u00e8re - 85 440 Talmont-Saint-Hilaire<\/p><p>\u00a0<\/p><h3><b>Use of Information<\/b><\/h3><p>The information we collect is used to improve your experience on our site, respond to your requests and provide you with relevant information and services. We may also use your data to send you marketing communications, newsletters or special offers, unless you have opted out of receiving them. Your information will never be sold, exchanged or transferred to third parties without your consent, unless required by law. Domaine les Clay\u00e8res is the sole recipient of your data.<\/p><p>\u00a0<\/p><h3><b>Shelf life<\/b><\/h3><p>Data may only be stored for a defined period, depending on the purpose of the processing and the rules established by the CNIL or by virtue of regulatory obligations. DOMAINE LES CLAYERES will only keep your personal data for as long as is necessary for the purpose for which it was collected, and this period may not exceed 24 months. After this period, the data will be deleted.<\/p><p>\u00a0<\/p><h3><b>Data protection<\/b><\/h3><p>We implement a variety of security measures to maintain the safety of your personal information. Your data is stored on secure servers and we use encryption technologies to protect sensitive information transmitted online. In addition, only authorised employees have access to your personal information and they are required to treat it as confidential.<\/p><p>DOMAINE LES CLAYERES complies with the regulations in force concerning the processing of personal data, in particular Regulation (EU) 2016\/679 of the European Parliament and of the Council dated 27 April 2016, applicable since 25 May 2018 (European Data Protection Regulation) as well as CNIL LAW n\u00b02018-493 of 20 June 2018.<\/p><p>It is important to remember what personal data is: the direct or indirect identification of a natural person.<\/p><p>Free consent is a fundamental right.<\/p><p>Each individual has the right to benefit from the following rights with regard to personal data:<\/p><ul><li aria-level=\"1\">The right to information (articles 13 and 14);<\/li><li aria-level=\"1\">The right of access (Article 15), including the possibility of obtaining a copy of the data processed;<\/li><li aria-level=\"1\">The right of rectification (article 16);<\/li><li aria-level=\"1\">The right to erasure or \u00abright to be forgotten\u00bb (article 17);<\/li><li aria-level=\"1\">The right to restrict processing (Article 18);<\/li><li aria-level=\"1\">The obligation to notify the person responsible (article 19);<\/li><li aria-level=\"1\">The right to data portability (article 20);<\/li><li aria-level=\"1\">The right to object (article 21);<\/li><li aria-level=\"1\">The right not to be subject to automated individual decision-making (article 22);<\/li><li aria-level=\"1\">The right to be informed in the event of a personal data breach.<\/li><\/ul><p>\u00a0<\/p><h3><b>User rights<\/b><\/h3><p>You have the right to :<\/p><ul><li aria-level=\"1\"><b>Go to<\/b>\u00a0to your personal information.<\/li><li aria-level=\"1\"><b>Rectify<\/b>\u00a0incorrect or obsolete data.<\/li><li aria-level=\"1\"><b>Delete<\/b>\u00a0your personal information, under certain conditions.<\/li><\/ul><p>To exercise these rights, please contact us via the postal address provided on our website lesclayeres.fr or via the e-mail address: conatct@lesclayeres.fr. If you wish to contact us by post to exercise your access rights, here is the link to the letter drawn up by the Commission Nationale de L'Informatique et des Libert\u00e9s (CNIL) (French Data Protection Authority)<\/p><p><a href=\"https:\/\/www.cnil.fr\/fr\/modele\/courrier\/exercer-son-droit-dacces\" target=\"_blank\" rel=\"noopener nofollow\">https:\/\/www.cnil.fr\/fr\/modele\/courrier\/exercer-son-droit-dacces<\/a><\/p><p>We undertake to process your request as quickly as possible.<\/p><p>\u00a0<\/p><h3><b>Right to object<\/b>\u00a0<\/h3><p>This right can only be exercised in one of the following two situations:<\/p><p>When the exercise of this right is based on legitimate reasons;<br \/>When this right is exercised to prevent the use of data collected for commercial prospecting purposes.<\/p><p>If you wish to object to this by sending a written request to the postal address of DOMAINE LES CLAYERES, here is the link created by the CNIL to help you with your request:\u00a0<a href=\"https:\/\/www.cnil.fr\/fr\/modele\/courrier\/supprimer-des-informations-vous-concernant-dun-site-internet\" target=\"_blank\" rel=\"noopener nofollow\">https:\/\/www.cnil.fr\/fr\/modele\/courrier\/supprimer-des-informations-vous-concernant-dun-site-internet<\/a><\/p><p>We undertake to respond to your request as quickly as possible.<\/p><p>\u00a0<\/p><h3><b>Changes to the Privacy Policy<\/b><\/h3><p>We reserve the right to modify this privacy policy at any time. Any changes will be posted on this page and will take effect immediately. We encourage you to check this page regularly for updates.<\/p><p><b>Information on Cookies<\/b><\/p><p>During your online browsing, cookies are regularly stored on your computer. In general, a cookie is a small text file placed on your hard drive by the server of the site you are visiting. It contains in particular :<\/p><ul><li aria-level=\"1\">The name of the server that created it ;<\/li><li aria-level=\"1\">Often a unique identifier; ;<\/li><li aria-level=\"1\">Sometimes an expiry date.<\/li><\/ul><p>These files have different purposes depending on their type:<\/p><ul><li aria-level=\"1\">Cookies are essential to the proper functioning of the site; ;<\/li><li aria-level=\"1\">Functional cookies store your preferences (such as language or user name); ;<\/li><li aria-level=\"1\">Performance cookies improve the way the site works or analyse how it is used; ;<\/li><li aria-level=\"1\">Advertising cookies are used to present you with relevant advertising based on your interests and online activity. They may recognise you on sites you visit frequently, facilitate online purchases or transmit information about your browsing.<\/li><\/ul><p>You can accept or refuse cookies. The banner informing you of their use appears at the bottom of your screen when you open the site. You can then accept or refuse the collection of cookies.<\/p><p>Certain cookies may be issued by third parties and their use and storage are governed by their own confidentiality policies.<\/p><p>There are two types of cookies:\u00a0<\/p><ul><li aria-level=\"1\">Consent-exempt cookies: such as session identification and interface personalisation cookies (translation);<\/li><li aria-level=\"1\">Cookies requiring your prior consent: advertising cookies, audience measurement cookies and social network sharing cookies.<\/li><\/ul><p>The name of the cookie used for the website\u00a0<a href=\"https:\/\/www.lesclayeres.fr\/\" rel=\"nofollow noopener\" target=\"_blank\">www.lesclayeres.fr<\/a>\u00a0is tarteaucitron (It is recognised by the CNIL).<\/p><p>On the lesclayeres.fr website, you can find four types of social network sharing cookies:\u00a0<\/p><p>Google Analytics :\u00a0<a href=\"https:\/\/policies.google.com\/privacy?hl=fr-CA\" target=\"_blank\" rel=\"noopener nofollow\">https:\/\/policies.google.com\/privacy?hl=fr-CA<\/a><\/p><p>Instagram and Facebook (Meta):\u00a0<a href=\"https:\/\/privacycenter.instagram.com\/policy\/?entry_point=ig_help_center_data_policy_redirect\" target=\"_blank\" rel=\"noopener nofollow\">https:\/\/privacycenter.instagram.com\/policy\/?entry_point=ig_help_center_data_policy_redirect<\/a><\/p><p>Linkedin :\u00a0<a href=\"https:\/\/www.linkedin.com\/legal\/cookie-policy?_l=fr_FR\" target=\"_blank\" rel=\"noopener nofollow\">https:\/\/www.linkedin.com\/legal\/cookie-policy?_l=fr_FR<\/a><\/p><p>If you feel that DOMAINE LES CLAYERES is not complying with its obligations regarding your Personal Information, you may lodge a complaint or a request with the competent authority. In France, the competent authority is the CNIL, to which you can submit a request online by clicking on the following link:\u00a0<a href=\"https:\/\/www.cnil.fr\/fr\/plaintes\/internet\" target=\"_blank\" rel=\"noopener nofollow\">https:\/\/www.cnil.fr\/fr\/plaintes\/internet<\/a>.<\/p><p>\u00a0<\/p><h3><b>Cookies and your browser\u00a0<\/b><\/h3><p>Most browsers are initially configured to allow cookies. You can personalise these settings to refuse all cookies, or to accept or reject certain cookies depending on their origin.<\/p><p>Please note that refusing to use them may have an impact on browsing on the various sites.<\/p><p>To help you configure your browser, here are the links to the following websites\u00a0<\/p><p><b>Chrome<\/b>\u00a0:\u00a0<a href=\"https:\/\/support.google.com\/chrome\/answer\/95647?hl=fr\" target=\"_blank\" rel=\"noopener nofollow\">https:\/\/support.google.com\/chrome\/answer\/95647?hl=fr<\/a><\/p><p><b>Firefox<\/b>\u00a0:\u00a0<a href=\"https:\/\/support.mozilla.org\/fr\/kb\/activer-desactiver-cookies\" target=\"_blank\" rel=\"noopener nofollow\">https:\/\/support.mozilla.org\/fr\/kb\/activer-desactiver-cookies<\/a><\/p><p><b>Internet Explorer<\/b>\u00a0:\u00a0<a href=\"https:\/\/support.microsoft.com\/fr-fr\/help\/17442\/windows-internet-explorer-delete-manage-cookies#ie=ie-11\" target=\"_blank\" rel=\"noopener nofollow\">https:\/\/support.microsoft.com\/fr-fr\/help\/17442\/windows-internet-explorer-delete-manage-cookies#ie=ie-11<\/a><\/p><p><b>Opera<\/b>\u00a0:\u00a0<a href=\"http:\/\/help.opera.com\/Windows\/10.20\/fr\/cookies.html\" target=\"_blank\" rel=\"noopener nofollow\">http:\/\/help.opera.com\/Windows\/10.20\/fr\/cookies.html<\/a><\/p><p><b>Safari<\/b>\u00a0:\u00a0<a href=\"https:\/\/support.apple.com\/kb\/PH21411?viewlocale=fr_FR&amp;locale=fr_FR\" target=\"_blank\" rel=\"noopener nofollow\">https:\/\/support.apple.com\/kb\/PH21411?viewlocale=fr_FR&amp;locale=fr_FR<\/a><\/p><p><b>Ecosia\u00a0<\/b>:\u00a0<a href=\"https:\/\/www.ecosia.org\/privacy\" target=\"_blank\" rel=\"noopener nofollow\">https:\/\/www.ecosia.org\/privacy<\/a><\/p><p>For more information about cookie management tools, visit the CNIL website:<\/p><p><a href=\"https:\/\/www.cnil.fr\/fr\/cookies-les-outils-pour-les-maitriser\" target=\"_blank\" rel=\"noopener nofollow\">https:\/\/www.cnil.fr\/fr\/cookies-les-outils-pour-les-maitriser<\/a>.<\/p><p>\u00a0<\/p><h3><b>Contact<\/b><\/h3><p>If you have any questions or concerns about our privacy policy, please do not hesitate to contact us at the following e-mail address: contact@lesclayeres.fr<\/p><p>Thank you for your confidence and your visit.<\/p><\/div><\/div><\/div><\/div><\/div><\/div><\/div><\/div><\/article><\/div><footer class=\"et-l et-l--footer\"><div class=\"et_builder_inner_content et_pb_gutters3\"><div class=\"et_pb_section et_pb_section_0_tb_footer et_pb_with_background et_section_regular\"><div class=\"et_pb_row et_pb_row_0_tb_footer et_pb_equal_columns et_pb_gutters3\"><div class=\"et_pb_column et_pb_column_1_3 et_pb_column_0_tb_footer et_pb_css_mix_blend_mode_passthrough\">\u00a0<\/div><\/div><\/div><\/div><\/footer>\t\t\t\t\t\t\t\t<\/div>\n\t\t\t\t<\/div>\n\t\t\t\t\t<\/div>\n\t\t<\/div>\n\t\t\t\t\t<\/div>\n\t\t<\/section>\n\t\t\t\t<\/div>","protected":false},"excerpt":{"rendered":"<p>Politique de vie priv\u00e9e Nous accordons une grande importance \u00e0 la confidentialit\u00e9 des donn\u00e9es personnelles. Nous nous engageons \u00e0 garantir un haut niveau de protection pour vos donn\u00e9es conform\u00e9ment aux r\u00e9glementations europ\u00e9ennes et fran\u00e7aises en vigueur.\u00a0Pour plus d\u2019informations sur la protection des donn\u00e9es personnelles, vous pouvez consulter le site de la Commission Nationale de l\u2019Informatique [&hellip;]<\/p>","protected":false},"author":13,"featured_media":0,"parent":0,"menu_order":0,"comment_status":"closed","ping_status":"closed","template":"","meta":{"_acf_changed":false,"inline_featured_image":false,"footnotes":""},"class_list":["post-7519","page","type-page","status-publish","hentry"],"acf":[],"_links":{"self":[{"href":"https:\/\/www.lesclayeres.fr.preprod.eliophot.dev\/en\/wp-json\/wp\/v2\/pages\/7519","targetHints":{"allow":["GET"]}}],"collection":[{"href":"https:\/\/www.lesclayeres.fr.preprod.eliophot.dev\/en\/wp-json\/wp\/v2\/pages"}],"about":[{"href":"https:\/\/www.lesclayeres.fr.preprod.eliophot.dev\/en\/wp-json\/wp\/v2\/types\/page"}],"author":[{"embeddable":true,"href":"https:\/\/www.lesclayeres.fr.preprod.eliophot.dev\/en\/wp-json\/wp\/v2\/users\/13"}],"replies":[{"embeddable":true,"href":"https:\/\/www.lesclayeres.fr.preprod.eliophot.dev\/en\/wp-json\/wp\/v2\/comments?post=7519"}],"version-history":[{"count":13,"href":"https:\/\/www.lesclayeres.fr.preprod.eliophot.dev\/en\/wp-json\/wp\/v2\/pages\/7519\/revisions"}],"predecessor-version":[{"id":8572,"href":"https:\/\/www.lesclayeres.fr.preprod.eliophot.dev\/en\/wp-json\/wp\/v2\/pages\/7519\/revisions\/8572"}],"wp:attachment":[{"href":"https:\/\/www.lesclayeres.fr.preprod.eliophot.dev\/en\/wp-json\/wp\/v2\/media?parent=7519"}],"curies":[{"name":"wp","href":"https:\/\/api.w.org\/{rel}","templated":true}]}}