{"id":7511,"date":"2025-05-23T14:08:34","date_gmt":"2025-05-23T12:08:34","guid":{"rendered":"https:\/\/www.lesclayeres.fr.preprod.eliophot.dev\/?page_id=7511"},"modified":"2026-02-18T09:39:36","modified_gmt":"2026-02-18T08:39:36","slug":"cgv","status":"publish","type":"page","link":"https:\/\/www.lesclayeres.fr.preprod.eliophot.dev\/en\/cgv\/","title":{"rendered":"GENERAL TERMS AND CONDITIONS"},"content":{"rendered":"<div data-elementor-type=\"wp-page\" data-elementor-id=\"7511\" class=\"elementor elementor-7511\" data-elementor-post-type=\"page\">\n\t\t\t\t\t\t<section class=\"elementor-section elementor-top-section elementor-element elementor-element-6a615d48 elementor-section-full_width elementor-section-height-full elementor-section-height-default elementor-section-items-middle\" data-id=\"6a615d48\" data-element_type=\"section\" data-settings=\"{&quot;background_background&quot;:&quot;classic&quot;}\">\n\t\t\t\t\t\t\t<div class=\"elementor-background-overlay\"><\/div>\n\t\t\t\t\t\t\t<div class=\"elementor-container elementor-column-gap-default\">\n\t\t\t\t\t<div class=\"elementor-column elementor-col-100 elementor-top-column elementor-element elementor-element-049a6b4\" data-id=\"049a6b4\" data-element_type=\"column\">\n\t\t\t<div class=\"elementor-widget-wrap elementor-element-populated\">\n\t\t\t\t\t\t<div class=\"elementor-element elementor-element-2c878d8 elementor-widget elementor-widget-heading\" data-id=\"2c878d8\" data-element_type=\"widget\" data-widget_type=\"heading.default\">\n\t\t\t\t<div class=\"elementor-widget-container\">\n\t\t\t\t\t<h1 class=\"elementor-heading-title elementor-size-default\">GENERAL TERMS AND CONDITIONS<\/h1>\t\t\t\t<\/div>\n\t\t\t\t<\/div>\n\t\t\t\t\t<\/div>\n\t\t<\/div>\n\t\t\t\t\t<\/div>\n\t\t<\/section>\n\t\t\t\t<section class=\"elementor-section elementor-top-section elementor-element elementor-element-dde8c9b elementor-section-boxed elementor-section-height-default elementor-section-height-default\" data-id=\"dde8c9b\" data-element_type=\"section\">\n\t\t\t\t\t\t<div class=\"elementor-container elementor-column-gap-default\">\n\t\t\t\t\t<div class=\"elementor-column elementor-col-100 elementor-top-column elementor-element elementor-element-f2aea61\" data-id=\"f2aea61\" data-element_type=\"column\">\n\t\t\t<div class=\"elementor-widget-wrap elementor-element-populated\">\n\t\t\t\t\t\t<div class=\"elementor-element elementor-element-2cea83c elementor-widget elementor-widget-text-editor\" data-id=\"2cea83c\" data-element_type=\"widget\" data-widget_type=\"text-editor.default\">\n\t\t\t\t<div class=\"elementor-widget-container\">\n\t\t\t\t\t\t\t\t\t<div id=\"main-content\"><article id=\"post-3364\" class=\"post-3364 page type-page status-publish hentry\"><div class=\"entry-content\"><div class=\"et-l et-l--post\"><div class=\"et_builder_inner_content et_pb_gutters3\"><div class=\"et_pb_section et_pb_section_0 et_section_regular\"><div class=\"et_pb_row et_pb_row_1\"><div class=\"et_pb_column et_pb_column_4_4 et_pb_column_1 et_pb_css_mix_blend_mode_passthrough et-last-child\"><div class=\"et_pb_module et_pb_text et_pb_text_1 et_pb_text_align_left et_pb_bg_layout_light\"><div class=\"et_pb_text_inner\"><p>These General Terms and Conditions of Sale (hereinafter referred to as the GTCS) are those of SAS DOMAINE DES PARCS \u201cLes Clay\u00e8res\u201d (hereinafter referred to as the Company), registered in the La Roche sur Yon Trade and Companies Register under number 903 998 359, with its registered office at ZA le Peuble - Route de la Chaize Giraud 85470, Bretignolles sur Mer - FRANCE (telephone 02 52 61 48 70).<\/p><p>The Company is the owner and publisher of the lesclayeres.fr website.\u00a0<\/p><p>The website offers the Customer (hereinafter referred to as the Customer) the opportunity to book and pay for rooms at Domaine les Clay\u00e8res (hereinafter referred to as the Services).<\/p><p>The official language of the site is French, with English and Italian versions also available.<\/p><p>\u00a0<\/p><h3><strong>Application of the General Terms and Conditions<\/strong>\u00a0:<\/h3><p>The purpose of these General Terms and Conditions of Sale is to define the terms and conditions for the sale of the Hotel's Services and apply to any order (hereinafter referred to as the Order) placed on the site by the Client.<\/p><p>Validation of the Order by the Customer implies acceptance of the GTCS. The Customer declares that he\/she has received all the information required to place an Order on the Company's website.<\/p><p>\u00a0<\/p><h3><strong>Ordering Services on the site<\/strong>\u00a0:<\/h3><p>The Customer books the Service(s) that suits him\/her on the site. The Services are precisely described and presented on the Company's website. At any time, the Customer can find out how much their order will cost. The Customer is responsible for his\/her choice of Services.<\/p><p>The Customer retains the possibility of modifying his\/her order until it has been validated. The order summary lists the services ordered and their price, including any additional charges (tourist tax).<\/p><p>At the end of the Order, the Customer confirms acceptance by ticking the box validating the General Terms and Conditions and then clicking on \u2018Confirm booking\u2019. Certain \u2018Non-modifiable, non-cancellable\u2019 offers require explicit acknowledgement of the obligation to pay for the Order online.<\/p><p>Once the order has been validated, Domaine les Clay\u00e8res will send an e-mail confirmation to the customer containing the details of the reservation.<\/p><p>\u00a0<\/p><h3><strong>Terms of payment for online orders<\/strong>\u00a0:\u00a0<\/h3><p>The prices of the various services are given in the descriptions and are in Euros, inclusive of all taxes. Unless otherwise stated or special offers, ancillary services are not included in the price (breakfast, etc.).<\/p><p>For online payments, the site uses a secure transaction system. This system guarantees the confidentiality of the customer's bank details.\u00a0<\/p><p>The data is therefore totally encrypted and protected. It is not stored electronically by the Company.<\/p><p>The Company reserves the right to suspend or cancel any Order in the event of non-payment, fraud or attempted fraud.\u00a0<\/p><p>\u00a0<\/p><h3><strong>Customer Service<\/strong>\u00a0:<\/h3><p>Customer Service is available Monday to Friday from 9am to 6pm by telephone on\u00a0<a href=\"https:\/\/www.google.com\/search?q=les+clay%C3%A8res&amp;oq=les+clay%C3%A8res&amp;gs_lcrp=EgZjaHJvbWUqCggAEAAY4wIYgAQyCggAEAAY4wIYgAQyEwgBEC4YrwEYxwEYgAQYjgUYmAUyBwgCEAAYgAQyBggDEEUYQDIICAQQABgWGB4yBggFEEUYPTIGCAYQRRg8MgYIBxBFGD3SAQgyMjU0ajBqN6gCALACAA&amp;sourceid=chrome&amp;ie=UTF-8#\" target=\"_blank\" rel=\"noopener nofollow\">02 85 67 01 50<\/a>\u00a0or by email to hotel@lesclayeres.fr.<\/p><\/div><\/div><\/div><\/div><\/div><\/div><\/div><\/div><\/article><\/div><footer class=\"et-l et-l--footer\"><div class=\"et_builder_inner_content et_pb_gutters3\"><div class=\"et_pb_section et_pb_section_0_tb_footer et_pb_with_background et_section_regular\"><div class=\"et_pb_row et_pb_row_0_tb_footer et_pb_equal_columns et_pb_gutters3\"><div class=\"et_pb_column et_pb_column_1_3 et_pb_column_0_tb_footer et_pb_css_mix_blend_mode_passthrough\">\u00a0<\/div><\/div><\/div><\/div><\/footer>\t\t\t\t\t\t\t\t<\/div>\n\t\t\t\t<\/div>\n\t\t\t\t\t<\/div>\n\t\t<\/div>\n\t\t\t\t\t<\/div>\n\t\t<\/section>\n\t\t\t\t<\/div>","protected":false},"excerpt":{"rendered":"<p>CGV Les pr\u00e9sentes Conditions G\u00e9n\u00e9rales de Vente (ci-apr\u00e8s les CGV) sont celles de la soci\u00e9t\u00e9 SAS DOMAINE DES PARCS \u201cLes Clay\u00e8res\u201d (ci-apr\u00e8s la Soci\u00e9t\u00e9) inscrite au registre du commerce et des soci\u00e9t\u00e9s de La Roche sur Yon sous le num\u00e9ro\u00a0903 998 359, donc le si\u00e8ge est situ\u00e9 au\u00a0ZA le Peuble \u2013 Route de la Chaize [&hellip;]<\/p>","protected":false},"author":13,"featured_media":0,"parent":0,"menu_order":0,"comment_status":"closed","ping_status":"closed","template":"","meta":{"_acf_changed":false,"inline_featured_image":false,"footnotes":""},"class_list":["post-7511","page","type-page","status-publish","hentry"],"acf":[],"_links":{"self":[{"href":"https:\/\/www.lesclayeres.fr.preprod.eliophot.dev\/en\/wp-json\/wp\/v2\/pages\/7511","targetHints":{"allow":["GET"]}}],"collection":[{"href":"https:\/\/www.lesclayeres.fr.preprod.eliophot.dev\/en\/wp-json\/wp\/v2\/pages"}],"about":[{"href":"https:\/\/www.lesclayeres.fr.preprod.eliophot.dev\/en\/wp-json\/wp\/v2\/types\/page"}],"author":[{"embeddable":true,"href":"https:\/\/www.lesclayeres.fr.preprod.eliophot.dev\/en\/wp-json\/wp\/v2\/users\/13"}],"replies":[{"embeddable":true,"href":"https:\/\/www.lesclayeres.fr.preprod.eliophot.dev\/en\/wp-json\/wp\/v2\/comments?post=7511"}],"version-history":[{"count":16,"href":"https:\/\/www.lesclayeres.fr.preprod.eliophot.dev\/en\/wp-json\/wp\/v2\/pages\/7511\/revisions"}],"predecessor-version":[{"id":8569,"href":"https:\/\/www.lesclayeres.fr.preprod.eliophot.dev\/en\/wp-json\/wp\/v2\/pages\/7511\/revisions\/8569"}],"wp:attachment":[{"href":"https:\/\/www.lesclayeres.fr.preprod.eliophot.dev\/en\/wp-json\/wp\/v2\/media?parent=7511"}],"curies":[{"name":"wp","href":"https:\/\/api.w.org\/{rel}","templated":true}]}}