{"id":374,"date":"2022-10-25T16:23:20","date_gmt":"2022-10-25T14:23:20","guid":{"rendered":"https:\/\/www.lesclayeres.fr.preprod.eliophot.dev\/?page_id=374"},"modified":"2026-03-25T12:38:33","modified_gmt":"2026-03-25T11:38:33","slug":"news","status":"publish","type":"page","link":"https:\/\/www.lesclayeres.fr.preprod.eliophot.dev\/en\/news\/","title":{"rendered":"News"},"content":{"rendered":"<div data-elementor-type=\"wp-page\" data-elementor-id=\"374\" class=\"elementor elementor-374\" data-elementor-post-type=\"page\">\n\t\t\t\t\t\t<section class=\"elementor-section elementor-top-section elementor-element elementor-element-17b1e72 elementor-section-full_width elementor-section-height-min-height elementor-section-height-default elementor-section-items-middle\" data-id=\"17b1e72\" data-element_type=\"section\" data-settings=\"{&quot;background_background&quot;:&quot;classic&quot;}\">\n\t\t\t\t\t\t\t<div class=\"elementor-background-overlay\"><\/div>\n\t\t\t\t\t\t\t<div class=\"elementor-container elementor-column-gap-default\">\n\t\t\t\t\t<div class=\"elementor-column elementor-col-100 elementor-top-column elementor-element elementor-element-0970ca0\" data-id=\"0970ca0\" data-element_type=\"column\">\n\t\t\t<div class=\"elementor-widget-wrap elementor-element-populated\">\n\t\t\t\t\t\t\t<\/div>\n\t\t<\/div>\n\t\t\t\t\t<\/div>\n\t\t<\/section>\n\t\t\t\t<section class=\"elementor-section elementor-top-section elementor-element elementor-element-baf0851 elementor-section-boxed elementor-section-height-default elementor-section-height-default\" data-id=\"baf0851\" data-element_type=\"section\" data-settings=\"{&quot;background_background&quot;:&quot;classic&quot;}\">\n\t\t\t\t\t\t<div class=\"elementor-container elementor-column-gap-default\">\n\t\t\t\t\t<div class=\"elementor-column elementor-col-100 elementor-top-column elementor-element elementor-element-81e9d7c\" data-id=\"81e9d7c\" data-element_type=\"column\">\n\t\t\t<div class=\"elementor-widget-wrap elementor-element-populated\">\n\t\t\t\t\t\t<section class=\"elementor-section elementor-inner-section elementor-element elementor-element-e403d0e elementor-section-boxed elementor-section-height-default elementor-section-height-default\" data-id=\"e403d0e\" data-element_type=\"section\">\n\t\t\t\t\t\t<div class=\"elementor-container elementor-column-gap-default\">\n\t\t\t\t\t<div class=\"elementor-column elementor-col-33 elementor-inner-column elementor-element elementor-element-fcba843\" data-id=\"fcba843\" data-element_type=\"column\">\n\t\t\t<div class=\"elementor-widget-wrap elementor-element-populated\">\n\t\t\t\t\t\t<div class=\"elementor-element elementor-element-24f0ec7 elementor-widget-divider--view-line elementor-widget elementor-widget-divider\" data-id=\"24f0ec7\" data-element_type=\"widget\" data-widget_type=\"divider.default\">\n\t\t\t\t<div class=\"elementor-widget-container\">\n\t\t\t\t\t\t\t<div class=\"elementor-divider\">\n\t\t\t<span class=\"elementor-divider-separator\">\n\t\t\t\t\t\t<\/span>\n\t\t<\/div>\n\t\t\t\t\t\t<\/div>\n\t\t\t\t<\/div>\n\t\t\t\t\t<\/div>\n\t\t<\/div>\n\t\t\t\t<div class=\"elementor-column elementor-col-33 elementor-inner-column elementor-element elementor-element-a53884f\" data-id=\"a53884f\" data-element_type=\"column\">\n\t\t\t<div class=\"elementor-widget-wrap elementor-element-populated\">\n\t\t\t\t\t\t<div class=\"elementor-element elementor-element-22599f4 elementor-widget elementor-widget-image\" data-id=\"22599f4\" data-element_type=\"widget\" data-widget_type=\"image.default\">\n\t\t\t\t<div class=\"elementor-widget-container\">\n\t\t\t\t\t\t\t\t\t\t\t\t\t\t\t<img fetchpriority=\"high\" decoding=\"async\" width=\"512\" height=\"512\" src=\"https:\/\/www.lesclayeres.fr.preprod.eliophot.dev\/wp-content\/uploads\/2026\/02\/cropped-2-scaled-1.png\" class=\"attachment-full size-full wp-image-8764\" alt=\"\" srcset=\"https:\/\/www.lesclayeres.fr.preprod.eliophot.dev\/wp-content\/uploads\/2026\/02\/cropped-2-scaled-1.png 512w, https:\/\/www.lesclayeres.fr.preprod.eliophot.dev\/wp-content\/uploads\/2026\/02\/cropped-2-scaled-1-300x300.png 300w, https:\/\/www.lesclayeres.fr.preprod.eliophot.dev\/wp-content\/uploads\/2026\/02\/cropped-2-scaled-1-150x150.png 150w, https:\/\/www.lesclayeres.fr.preprod.eliophot.dev\/wp-content\/uploads\/2026\/02\/cropped-2-scaled-1-12x12.png 12w, https:\/\/www.lesclayeres.fr.preprod.eliophot.dev\/wp-content\/uploads\/2026\/02\/cropped-2-scaled-1-270x270.png 270w, https:\/\/www.lesclayeres.fr.preprod.eliophot.dev\/wp-content\/uploads\/2026\/02\/cropped-2-scaled-1-192x192.png 192w, https:\/\/www.lesclayeres.fr.preprod.eliophot.dev\/wp-content\/uploads\/2026\/02\/cropped-2-scaled-1-180x180.png 180w, https:\/\/www.lesclayeres.fr.preprod.eliophot.dev\/wp-content\/uploads\/2026\/02\/cropped-2-scaled-1-32x32.png 32w\" sizes=\"(max-width: 512px) 100vw, 512px\" title=\"\">\t\t\t\t\t\t\t\t\t\t\t\t\t\t\t<\/div>\n\t\t\t\t<\/div>\n\t\t\t\t\t<\/div>\n\t\t<\/div>\n\t\t\t\t<div class=\"elementor-column elementor-col-33 elementor-inner-column elementor-element elementor-element-078a5d0\" data-id=\"078a5d0\" data-element_type=\"column\">\n\t\t\t<div class=\"elementor-widget-wrap elementor-element-populated\">\n\t\t\t\t\t\t<div class=\"elementor-element elementor-element-7b5742b elementor-widget-divider--view-line elementor-widget elementor-widget-divider\" data-id=\"7b5742b\" data-element_type=\"widget\" data-widget_type=\"divider.default\">\n\t\t\t\t<div class=\"elementor-widget-container\">\n\t\t\t\t\t\t\t<div class=\"elementor-divider\">\n\t\t\t<span class=\"elementor-divider-separator\">\n\t\t\t\t\t\t<\/span>\n\t\t<\/div>\n\t\t\t\t\t\t<\/div>\n\t\t\t\t<\/div>\n\t\t\t\t\t<\/div>\n\t\t<\/div>\n\t\t\t\t\t<\/div>\n\t\t<\/section>\n\t\t\t\t<div class=\"elementor-element elementor-element-5ae9013 elementor-widget elementor-widget-heading\" data-id=\"5ae9013\" data-element_type=\"widget\" data-widget_type=\"heading.default\">\n\t\t\t\t<div class=\"elementor-widget-container\">\n\t\t\t\t\t<h2 class=\"elementor-heading-title elementor-size-default\">Discover our news<\/h2>\t\t\t\t<\/div>\n\t\t\t\t<\/div>\n\t\t\t\t<div class=\"elementor-element elementor-element-8d8f92e elementor-grid-2 elementor-posts--align-left elementor-grid-tablet-2 elementor-grid-mobile-1 elementor-posts--thumbnail-top elementor-posts__hover-gradient elementor-widget elementor-widget-posts\" data-id=\"8d8f92e\" data-element_type=\"widget\" data-settings=\"{&quot;cards_columns&quot;:&quot;2&quot;,&quot;cards_columns_tablet&quot;:&quot;2&quot;,&quot;cards_columns_mobile&quot;:&quot;1&quot;,&quot;cards_row_gap&quot;:{&quot;unit&quot;:&quot;px&quot;,&quot;size&quot;:35,&quot;sizes&quot;:[]},&quot;cards_row_gap_tablet&quot;:{&quot;unit&quot;:&quot;px&quot;,&quot;size&quot;:&quot;&quot;,&quot;sizes&quot;:[]},&quot;cards_row_gap_mobile&quot;:{&quot;unit&quot;:&quot;px&quot;,&quot;size&quot;:&quot;&quot;,&quot;sizes&quot;:[]}}\" data-widget_type=\"posts.cards\">\n\t\t\t\t<div class=\"elementor-widget-container\">\n\t\t\t\t\t\t\t<div class=\"elementor-posts-container elementor-posts elementor-posts--skin-cards elementor-grid\" role=\"list\">\n\t\t\t\t<article class=\"elementor-post elementor-grid-item post-2751 post type-post status-publish format-standard has-post-thumbnail hentry category-actualites\" role=\"listitem\">\n\t\t\t<div class=\"elementor-post__card\">\n\t\t\t\t<a class=\"elementor-post__thumbnail__link\" href=\"https:\/\/www.lesclayeres.fr.preprod.eliophot.dev\/en\/news\/news-01\/\" tabindex=\"-1\" ><div class=\"elementor-post__thumbnail\"><img decoding=\"async\" width=\"200\" height=\"300\" src=\"https:\/\/www.lesclayeres.fr.preprod.eliophot.dev\/wp-content\/uploads\/2022\/11\/POTAGERBIO-2-200x300.jpg\" class=\"attachment-medium size-medium wp-image-8618\" alt=\"\" srcset=\"https:\/\/www.lesclayeres.fr.preprod.eliophot.dev\/wp-content\/uploads\/2022\/11\/POTAGERBIO-2-200x300.jpg 200w, https:\/\/www.lesclayeres.fr.preprod.eliophot.dev\/wp-content\/uploads\/2022\/11\/POTAGERBIO-2-683x1024.jpg 683w, https:\/\/www.lesclayeres.fr.preprod.eliophot.dev\/wp-content\/uploads\/2022\/11\/POTAGERBIO-2-768x1152.jpg 768w, https:\/\/www.lesclayeres.fr.preprod.eliophot.dev\/wp-content\/uploads\/2022\/11\/POTAGERBIO-2-1024x1536.jpg 1024w, https:\/\/www.lesclayeres.fr.preprod.eliophot.dev\/wp-content\/uploads\/2022\/11\/POTAGERBIO-2-1365x2048.jpg 1365w, https:\/\/www.lesclayeres.fr.preprod.eliophot.dev\/wp-content\/uploads\/2022\/11\/POTAGERBIO-2-8x12.jpg 8w, https:\/\/www.lesclayeres.fr.preprod.eliophot.dev\/wp-content\/uploads\/2022\/11\/POTAGERBIO-2-scaled.jpg 1707w\" sizes=\"(max-width: 200px) 100vw, 200px\" title=\"\"><\/div><\/a>\n\t\t\t\t<div class=\"elementor-post__text\">\n\t\t\t\t<h2 class=\"elementor-post__title\">\n\t\t\t<a href=\"https:\/\/www.lesclayeres.fr.preprod.eliophot.dev\/en\/news\/news-01\/\" >\n\t\t\t\tFrom the earth to the plate: the orchards and vegetable garden of Les Clay\u00e8res\t\t\t<\/a>\n\t\t<\/h2>\n\t\t\t\t<div class=\"elementor-post__excerpt\">\n\t\t\t<p>Le Potager et les Vergers des Clay\u00e8res: nature at the service of taste At the Domaine Les Clay\u00e8res, in Talmont-Saint-Hilaire, every dish tells a story of<\/p>\n\t\t<\/div>\n\t\t\t\t\t<div class=\"elementor-post__read-more-wrapper\">\n\t\t\n\t\t<a class=\"elementor-post__read-more\" href=\"https:\/\/www.lesclayeres.fr.preprod.eliophot.dev\/en\/news\/news-01\/\" aria-label=\"Read more about De la terre \u00e0 l\u2019assiette : les vergers et le potager des Clay\u00e8res\" tabindex=\"-1\" >\n\t\t\tRead more...\t\t<\/a>\n\n\t\t\t\t\t<\/div>\n\t\t\t\t<\/div>\n\t\t\t\t<div class=\"elementor-post__meta-data\">\n\t\t\t\t\t<span class=\"elementor-post-date\">\n\t\t\t19 February 2026\t\t<\/span>\n\t\t\t\t<\/div>\n\t\t\t\t\t<\/div>\n\t\t<\/article>\n\t\t\t\t<\/div>\n\t\t\n\t\t\t\t\t\t<\/div>\n\t\t\t\t<\/div>\n\t\t\t\t\t<\/div>\n\t\t<\/div>\n\t\t\t\t\t<\/div>\n\t\t<\/section>\n\t\t\t\t<section class=\"elementor-section elementor-top-section elementor-element elementor-element-4fc0ae9 elementor-section-full_width elementor-section-height-default elementor-section-height-default\" data-id=\"4fc0ae9\" data-element_type=\"section\" data-settings=\"{&quot;background_background&quot;:&quot;classic&quot;}\">\n\t\t\t\t\t\t\t<div class=\"elementor-background-overlay\"><\/div>\n\t\t\t\t\t\t\t<div class=\"elementor-container elementor-column-gap-narrow\">\n\t\t\t\t\t<div class=\"elementor-column elementor-col-100 elementor-top-column elementor-element elementor-element-df12159\" data-id=\"df12159\" data-element_type=\"column\">\n\t\t\t<div class=\"elementor-widget-wrap elementor-element-populated\">\n\t\t\t\t\t\t<section class=\"elementor-section elementor-inner-section elementor-element elementor-element-47c796b elementor-section-boxed elementor-section-height-default elementor-section-height-default\" data-id=\"47c796b\" data-element_type=\"section\">\n\t\t\t\t\t\t<div class=\"elementor-container elementor-column-gap-default\">\n\t\t\t\t\t<div class=\"elementor-column elementor-col-33 elementor-inner-column elementor-element elementor-element-baf4f42\" data-id=\"baf4f42\" data-element_type=\"column\">\n\t\t\t<div class=\"elementor-widget-wrap elementor-element-populated\">\n\t\t\t\t\t\t<div class=\"elementor-element elementor-element-9286c09 elementor-widget-divider--view-line elementor-widget elementor-widget-divider\" data-id=\"9286c09\" data-element_type=\"widget\" data-widget_type=\"divider.default\">\n\t\t\t\t<div class=\"elementor-widget-container\">\n\t\t\t\t\t\t\t<div class=\"elementor-divider\">\n\t\t\t<span class=\"elementor-divider-separator\">\n\t\t\t\t\t\t<\/span>\n\t\t<\/div>\n\t\t\t\t\t\t<\/div>\n\t\t\t\t<\/div>\n\t\t\t\t\t<\/div>\n\t\t<\/div>\n\t\t\t\t<div class=\"elementor-column elementor-col-33 elementor-inner-column elementor-element elementor-element-a13b391\" data-id=\"a13b391\" data-element_type=\"column\">\n\t\t\t<div class=\"elementor-widget-wrap elementor-element-populated\">\n\t\t\t\t\t\t<div class=\"elementor-element elementor-element-48e3fb3 elementor-widget elementor-widget-image\" data-id=\"48e3fb3\" data-element_type=\"widget\" data-widget_type=\"image.default\">\n\t\t\t\t<div class=\"elementor-widget-container\">\n\t\t\t\t\t\t\t\t\t\t\t\t\t\t\t<img fetchpriority=\"high\" decoding=\"async\" width=\"512\" height=\"512\" src=\"https:\/\/www.lesclayeres.fr.preprod.eliophot.dev\/wp-content\/uploads\/2026\/02\/cropped-2-scaled-1.png\" class=\"attachment-full size-full wp-image-8764\" alt=\"\" srcset=\"https:\/\/www.lesclayeres.fr.preprod.eliophot.dev\/wp-content\/uploads\/2026\/02\/cropped-2-scaled-1.png 512w, https:\/\/www.lesclayeres.fr.preprod.eliophot.dev\/wp-content\/uploads\/2026\/02\/cropped-2-scaled-1-300x300.png 300w, https:\/\/www.lesclayeres.fr.preprod.eliophot.dev\/wp-content\/uploads\/2026\/02\/cropped-2-scaled-1-150x150.png 150w, https:\/\/www.lesclayeres.fr.preprod.eliophot.dev\/wp-content\/uploads\/2026\/02\/cropped-2-scaled-1-12x12.png 12w, https:\/\/www.lesclayeres.fr.preprod.eliophot.dev\/wp-content\/uploads\/2026\/02\/cropped-2-scaled-1-270x270.png 270w, https:\/\/www.lesclayeres.fr.preprod.eliophot.dev\/wp-content\/uploads\/2026\/02\/cropped-2-scaled-1-192x192.png 192w, https:\/\/www.lesclayeres.fr.preprod.eliophot.dev\/wp-content\/uploads\/2026\/02\/cropped-2-scaled-1-180x180.png 180w, https:\/\/www.lesclayeres.fr.preprod.eliophot.dev\/wp-content\/uploads\/2026\/02\/cropped-2-scaled-1-32x32.png 32w\" sizes=\"(max-width: 512px) 100vw, 512px\" title=\"\">\t\t\t\t\t\t\t\t\t\t\t\t\t\t\t<\/div>\n\t\t\t\t<\/div>\n\t\t\t\t\t<\/div>\n\t\t<\/div>\n\t\t\t\t<div class=\"elementor-column elementor-col-33 elementor-inner-column elementor-element elementor-element-2f4a2fb\" data-id=\"2f4a2fb\" data-element_type=\"column\">\n\t\t\t<div class=\"elementor-widget-wrap elementor-element-populated\">\n\t\t\t\t\t\t<div class=\"elementor-element elementor-element-48516d0 elementor-widget-divider--view-line elementor-widget elementor-widget-divider\" data-id=\"48516d0\" data-element_type=\"widget\" data-widget_type=\"divider.default\">\n\t\t\t\t<div class=\"elementor-widget-container\">\n\t\t\t\t\t\t\t<div class=\"elementor-divider\">\n\t\t\t<span class=\"elementor-divider-separator\">\n\t\t\t\t\t\t<\/span>\n\t\t<\/div>\n\t\t\t\t\t\t<\/div>\n\t\t\t\t<\/div>\n\t\t\t\t\t<\/div>\n\t\t<\/div>\n\t\t\t\t\t<\/div>\n\t\t<\/section>\n\t\t\t\t<section class=\"elementor-section elementor-inner-section elementor-element elementor-element-f8f498e elementor-section-boxed elementor-section-height-default elementor-section-height-default\" data-id=\"f8f498e\" data-element_type=\"section\">\n\t\t\t\t\t\t<div class=\"elementor-container elementor-column-gap-default\">\n\t\t\t\t\t<div class=\"elementor-column elementor-col-33 elementor-inner-column elementor-element elementor-element-1139322\" data-id=\"1139322\" data-element_type=\"column\">\n\t\t\t<div class=\"elementor-widget-wrap elementor-element-populated\">\n\t\t\t\t\t\t<div class=\"elementor-element elementor-element-a4b6d81 elementor-widget elementor-widget-image\" data-id=\"a4b6d81\" data-element_type=\"widget\" data-widget_type=\"image.default\">\n\t\t\t\t<div class=\"elementor-widget-container\">\n\t\t\t\t\t\t\t\t\t\t\t\t\t\t\t<img decoding=\"async\" width=\"1707\" height=\"2560\" src=\"https:\/\/www.lesclayeres.fr.preprod.eliophot.dev\/wp-content\/uploads\/2026\/02\/suite-privilege-les-clayeres-7.jpg\" class=\"attachment-full size-full wp-image-8031\" alt=\"\" srcset=\"https:\/\/www.lesclayeres.fr.preprod.eliophot.dev\/wp-content\/uploads\/2026\/02\/suite-privilege-les-clayeres-7.jpg 1707w, https:\/\/www.lesclayeres.fr.preprod.eliophot.dev\/wp-content\/uploads\/2026\/02\/suite-privilege-les-clayeres-7-200x300.jpg 200w, https:\/\/www.lesclayeres.fr.preprod.eliophot.dev\/wp-content\/uploads\/2026\/02\/suite-privilege-les-clayeres-7-683x1024.jpg 683w, https:\/\/www.lesclayeres.fr.preprod.eliophot.dev\/wp-content\/uploads\/2026\/02\/suite-privilege-les-clayeres-7-768x1152.jpg 768w, https:\/\/www.lesclayeres.fr.preprod.eliophot.dev\/wp-content\/uploads\/2026\/02\/suite-privilege-les-clayeres-7-1024x1536.jpg 1024w, https:\/\/www.lesclayeres.fr.preprod.eliophot.dev\/wp-content\/uploads\/2026\/02\/suite-privilege-les-clayeres-7-1366x2048.jpg 1366w, https:\/\/www.lesclayeres.fr.preprod.eliophot.dev\/wp-content\/uploads\/2026\/02\/suite-privilege-les-clayeres-7-8x12.jpg 8w\" sizes=\"(max-width: 1707px) 100vw, 1707px\" title=\"\">\t\t\t\t\t\t\t\t\t\t\t\t\t\t\t<\/div>\n\t\t\t\t<\/div>\n\t\t\t\t<div class=\"elementor-element elementor-element-38c11de elementor-widget elementor-widget-heading\" data-id=\"38c11de\" data-element_type=\"widget\" data-widget_type=\"heading.default\">\n\t\t\t\t<div class=\"elementor-widget-container\">\n\t\t\t\t\t<h3 class=\"elementor-heading-title elementor-size-default\">Events &amp; Offers<\/h3>\t\t\t\t<\/div>\n\t\t\t\t<\/div>\n\t\t\t\t<div class=\"elementor-element elementor-element-2f459ad elementor-align-center elementor-widget__width-inherit elementor-widget elementor-widget-button\" data-id=\"2f459ad\" data-element_type=\"widget\" data-widget_type=\"button.default\">\n\t\t\t\t<div class=\"elementor-widget-container\">\n\t\t\t\t\t\t\t\t\t<div class=\"elementor-button-wrapper\">\n\t\t\t\t\t<a class=\"elementor-button elementor-button-link elementor-size-sm\" href=\"https:\/\/www.lesclayeres.fr.preprod.eliophot.dev\/en\/special-offers\/\">\n\t\t\t\t\t\t<span class=\"elementor-button-content-wrapper\">\n\t\t\t\t\t\t\t\t\t<span class=\"elementor-button-text\">Discover<\/span>\n\t\t\t\t\t<\/span>\n\t\t\t\t\t<\/a>\n\t\t\t\t<\/div>\n\t\t\t\t\t\t\t\t<\/div>\n\t\t\t\t<\/div>\n\t\t\t\t\t<\/div>\n\t\t<\/div>\n\t\t\t\t<div class=\"elementor-column elementor-col-33 elementor-inner-column elementor-element elementor-element-4d691ba\" data-id=\"4d691ba\" data-element_type=\"column\">\n\t\t\t<div class=\"elementor-widget-wrap elementor-element-populated\">\n\t\t\t\t\t\t<div class=\"elementor-element elementor-element-0fac6ba elementor-widget elementor-widget-image\" data-id=\"0fac6ba\" data-element_type=\"widget\" data-widget_type=\"image.default\">\n\t\t\t\t<div class=\"elementor-widget-container\">\n\t\t\t\t\t\t\t\t\t\t\t\t\t\t\t<img loading=\"lazy\" decoding=\"async\" width=\"1707\" height=\"2560\" src=\"https:\/\/www.lesclayeres.fr.preprod.eliophot.dev\/wp-content\/uploads\/2026\/02\/balade-velo.jpg\" class=\"attachment-full size-full wp-image-8074\" alt=\"\" srcset=\"https:\/\/www.lesclayeres.fr.preprod.eliophot.dev\/wp-content\/uploads\/2026\/02\/balade-velo.jpg 1707w, https:\/\/www.lesclayeres.fr.preprod.eliophot.dev\/wp-content\/uploads\/2026\/02\/balade-velo-200x300.jpg 200w, https:\/\/www.lesclayeres.fr.preprod.eliophot.dev\/wp-content\/uploads\/2026\/02\/balade-velo-683x1024.jpg 683w, https:\/\/www.lesclayeres.fr.preprod.eliophot.dev\/wp-content\/uploads\/2026\/02\/balade-velo-768x1152.jpg 768w, https:\/\/www.lesclayeres.fr.preprod.eliophot.dev\/wp-content\/uploads\/2026\/02\/balade-velo-1024x1536.jpg 1024w, https:\/\/www.lesclayeres.fr.preprod.eliophot.dev\/wp-content\/uploads\/2026\/02\/balade-velo-1366x2048.jpg 1366w, https:\/\/www.lesclayeres.fr.preprod.eliophot.dev\/wp-content\/uploads\/2026\/02\/balade-velo-8x12.jpg 8w\" sizes=\"(max-width: 1707px) 100vw, 1707px\" title=\"\">\t\t\t\t\t\t\t\t\t\t\t\t\t\t\t<\/div>\n\t\t\t\t<\/div>\n\t\t\t\t<div class=\"elementor-element elementor-element-abe9c2e elementor-widget elementor-widget-heading\" data-id=\"abe9c2e\" data-element_type=\"widget\" data-widget_type=\"heading.default\">\n\t\t\t\t<div class=\"elementor-widget-container\">\n\t\t\t\t\t<h3 class=\"elementor-heading-title elementor-size-default\">Commitment &amp; Tourism<\/h3>\t\t\t\t<\/div>\n\t\t\t\t<\/div>\n\t\t\t\t<div class=\"elementor-element elementor-element-e28bd56 elementor-align-center elementor-widget__width-inherit elementor-widget elementor-widget-button\" data-id=\"e28bd56\" data-element_type=\"widget\" data-widget_type=\"button.default\">\n\t\t\t\t<div class=\"elementor-widget-container\">\n\t\t\t\t\t\t\t\t\t<div class=\"elementor-button-wrapper\">\n\t\t\t\t\t<a class=\"elementor-button elementor-button-link elementor-size-sm\" href=\"https:\/\/www.lesclayeres.fr.preprod.eliophot.dev\/en\/tourism\/\">\n\t\t\t\t\t\t<span class=\"elementor-button-content-wrapper\">\n\t\t\t\t\t\t\t\t\t<span class=\"elementor-button-text\">Discover<\/span>\n\t\t\t\t\t<\/span>\n\t\t\t\t\t<\/a>\n\t\t\t\t<\/div>\n\t\t\t\t\t\t\t\t<\/div>\n\t\t\t\t<\/div>\n\t\t\t\t\t<\/div>\n\t\t<\/div>\n\t\t\t\t<div class=\"elementor-column elementor-col-33 elementor-inner-column elementor-element elementor-element-9023357\" data-id=\"9023357\" data-element_type=\"column\">\n\t\t\t<div class=\"elementor-widget-wrap elementor-element-populated\">\n\t\t\t\t\t\t<div class=\"elementor-element elementor-element-e34393a elementor-widget elementor-widget-image\" data-id=\"e34393a\" data-element_type=\"widget\" data-widget_type=\"image.default\">\n\t\t\t\t<div class=\"elementor-widget-container\">\n\t\t\t\t\t\t\t\t\t\t\t\t\t\t\t<img loading=\"lazy\" decoding=\"async\" width=\"2560\" height=\"1707\" src=\"https:\/\/www.lesclayeres.fr.preprod.eliophot.dev\/wp-content\/uploads\/2026\/02\/restaurant-les-clayeres-1.jpg\" class=\"attachment-full size-full wp-image-8008\" alt=\"\" srcset=\"https:\/\/www.lesclayeres.fr.preprod.eliophot.dev\/wp-content\/uploads\/2026\/02\/restaurant-les-clayeres-1.jpg 2560w, https:\/\/www.lesclayeres.fr.preprod.eliophot.dev\/wp-content\/uploads\/2026\/02\/restaurant-les-clayeres-1-300x200.jpg 300w, https:\/\/www.lesclayeres.fr.preprod.eliophot.dev\/wp-content\/uploads\/2026\/02\/restaurant-les-clayeres-1-1024x683.jpg 1024w, https:\/\/www.lesclayeres.fr.preprod.eliophot.dev\/wp-content\/uploads\/2026\/02\/restaurant-les-clayeres-1-768x512.jpg 768w, https:\/\/www.lesclayeres.fr.preprod.eliophot.dev\/wp-content\/uploads\/2026\/02\/restaurant-les-clayeres-1-1536x1024.jpg 1536w, https:\/\/www.lesclayeres.fr.preprod.eliophot.dev\/wp-content\/uploads\/2026\/02\/restaurant-les-clayeres-1-2048x1366.jpg 2048w, https:\/\/www.lesclayeres.fr.preprod.eliophot.dev\/wp-content\/uploads\/2026\/02\/restaurant-les-clayeres-1-18x12.jpg 18w\" sizes=\"(max-width: 2560px) 100vw, 2560px\" title=\"\">\t\t\t\t\t\t\t\t\t\t\t\t\t\t\t<\/div>\n\t\t\t\t<\/div>\n\t\t\t\t<div class=\"elementor-element elementor-element-8ed3537 elementor-widget elementor-widget-heading\" data-id=\"8ed3537\" data-element_type=\"widget\" data-widget_type=\"heading.default\">\n\t\t\t\t<div class=\"elementor-widget-container\">\n\t\t\t\t\t<h3 class=\"elementor-heading-title elementor-size-default\">Restaurant<\/h3>\t\t\t\t<\/div>\n\t\t\t\t<\/div>\n\t\t\t\t<div class=\"elementor-element elementor-element-206a8ab elementor-align-center elementor-widget__width-inherit elementor-widget elementor-widget-button\" data-id=\"206a8ab\" data-element_type=\"widget\" data-widget_type=\"button.default\">\n\t\t\t\t<div class=\"elementor-widget-container\">\n\t\t\t\t\t\t\t\t\t<div class=\"elementor-button-wrapper\">\n\t\t\t\t\t<a class=\"elementor-button elementor-button-link elementor-size-sm\" href=\"https:\/\/www.lesclayeres.fr.preprod.eliophot.dev\/en\/restaurant\/\">\n\t\t\t\t\t\t<span class=\"elementor-button-content-wrapper\">\n\t\t\t\t\t\t\t\t\t<span class=\"elementor-button-text\">Discover<\/span>\n\t\t\t\t\t<\/span>\n\t\t\t\t\t<\/a>\n\t\t\t\t<\/div>\n\t\t\t\t\t\t\t\t<\/div>\n\t\t\t\t<\/div>\n\t\t\t\t\t<\/div>\n\t\t<\/div>\n\t\t\t\t\t<\/div>\n\t\t<\/section>\n\t\t\t\t\t<\/div>\n\t\t<\/div>\n\t\t\t\t\t<\/div>\n\t\t<\/section>\n\t\t\t\t<\/div>","protected":false},"excerpt":{"rendered":"<p>D\u00e9couvrez nos actualit\u00e9s Agenda &amp; Offres D\u00e9couvrir Engagement &amp; Tourisme D\u00e9couvrir Restaurant D\u00e9couvrir<\/p>","protected":false},"author":4,"featured_media":0,"parent":0,"menu_order":0,"comment_status":"closed","ping_status":"closed","template":"","meta":{"_acf_changed":false,"inline_featured_image":false,"footnotes":""},"class_list":["post-374","page","type-page","status-publish","hentry"],"acf":[],"_links":{"self":[{"href":"https:\/\/www.lesclayeres.fr.preprod.eliophot.dev\/en\/wp-json\/wp\/v2\/pages\/374","targetHints":{"allow":["GET"]}}],"collection":[{"href":"https:\/\/www.lesclayeres.fr.preprod.eliophot.dev\/en\/wp-json\/wp\/v2\/pages"}],"about":[{"href":"https:\/\/www.lesclayeres.fr.preprod.eliophot.dev\/en\/wp-json\/wp\/v2\/types\/page"}],"author":[{"embeddable":true,"href":"https:\/\/www.lesclayeres.fr.preprod.eliophot.dev\/en\/wp-json\/wp\/v2\/users\/4"}],"replies":[{"embeddable":true,"href":"https:\/\/www.lesclayeres.fr.preprod.eliophot.dev\/en\/wp-json\/wp\/v2\/comments?post=374"}],"version-history":[{"count":136,"href":"https:\/\/www.lesclayeres.fr.preprod.eliophot.dev\/en\/wp-json\/wp\/v2\/pages\/374\/revisions"}],"predecessor-version":[{"id":9122,"href":"https:\/\/www.lesclayeres.fr.preprod.eliophot.dev\/en\/wp-json\/wp\/v2\/pages\/374\/revisions\/9122"}],"wp:attachment":[{"href":"https:\/\/www.lesclayeres.fr.preprod.eliophot.dev\/en\/wp-json\/wp\/v2\/media?parent=374"}],"curies":[{"name":"wp","href":"https:\/\/api.w.org\/{rel}","templated":true}]}}